
{"id":32667,"date":"2025-06-21T08:53:00","date_gmt":"2025-06-21T08:53:00","guid":{"rendered":"https:\/\/prestige-aura.com\/product\/rolex-cosmograph-daytona-40mm-mother-of-pearl-dial-116503\/"},"modified":"2025-06-24T13:18:26","modified_gmt":"2025-06-24T13:18:26","slug":"rolex-cosmograph-daytona-40mm-mother-of-pearl-dial-116503","status":"publish","type":"product","link":"https:\/\/prestige-aura.com\/es\/producto\/rolex-cosmograph-daytona-40mm-mother-of-pearl-dial-116503\/","title":{"rendered":"Rolex Cosmograph Daytona 40mm Mother of Pearl Dial 116503"},"content":{"rendered":"<h4><strong><b>Caracter\u00edsticas<\/b><\/strong><\/h4>\n<p>-Equipado con un segundero de barrido para un movimiento suave, que muestra la elegancia mec\u00e1nica<\/p>\n<p>-Corona atornillada con junta t\u00f3rica para una mayor estanqueidad.<\/p>\n<p>-Mecanismo de bloqueo: el segundero se detiene cuando se extrae la corona, lo que garantiza un ajuste preciso de la hora.<\/p>\n<p>-Los eslabones de la pulsera se fijan con tornillos en lugar de los tradicionales pasadores, lo que ofrece mayor estabilidad y facilita el mantenimiento.<\/p>\n<p>-Rolex logotipo de la corona grabado en la posici\u00f3n de las 6 en el cristal, destacando la artesan\u00eda y la atenci\u00f3n al detalle<\/p>\n<p>&nbsp;<\/p>\n<table class=\"expert-table\">\n<tbody>\n<tr>\n<th>Nombre del producto<\/th>\n<td>Rolex Daytona 116503<\/td>\n<\/tr>\n<tr>\n<th>Marque<\/th>\n<td>Mother of Pearl Dial (as shown picture in this page)<\/td>\n<\/tr>\n<tr>\n<th>Bisel<\/th>\n<td>Cer\u00e1mica (material correcto como genuino)<\/td>\n<\/tr>\n<tr>\n<th>Vidrio<\/th>\n<td>Cristal de zafiro<\/td>\n<\/tr>\n<tr>\n<th>Dimensiones de la esfera<\/th>\n<td>40 mm (Tama\u00f1o correcto como genuino)<\/td>\n<\/tr>\n<tr>\n<th>Peso<\/th>\n<td>&nbsp;146 grams<\/td>\n<\/tr>\n<tr>\n<th>Material<\/th>\n<td>&nbsp;Caja forjada de 1 pieza de acero inoxidable 316L macizo<\/td>\n<\/tr>\n<tr>\n<th>Pulsera<\/th>\n<td>&nbsp;Yellow Gold\/Stainless Steel Link Rolesor Oyster Bracelet<\/td>\n<\/tr>\n<tr>\n<th>Movimiento<\/th>\n<td>&nbsp;Movimiento autom\u00e1tico japon\u00e9s (no necesita pila de por vida)<\/td>\n<\/tr>\n<tr>\n<th>&nbsp;Funciones<\/th>\n<td>Horas, minutos, segundos, 3 peque\u00f1as subesferas<\/td>\n<\/tr>\n<tr>\n<th>Volver<\/th>\n<td>Fondo s\u00f3lido<\/td>\n<\/tr>\n<tr>\n<th>Funciones del cron\u00f3grafo<\/th>\n<td>D\u00eda a las 3 (ajustado mediante el pulsador a las 4), Segundo a las 6, Fecha a las 9 (ajustado mediante el pulsador a las 2)<\/td>\n<\/tr>\n<tr>\n<th>Modelo<\/th>\n<td>SS Case, Yellow Gold Plated Tachymeter Bezel, Black Mother of Pearl Dial with Diamond markers, Engraved ROLEXROLEX on rehaut<\/td>\n<\/tr>\n<\/tbody>\n<\/table>","protected":false},"excerpt":{"rendered":"<p>Features -Equipped with a sweeping second hand for smooth movement, showcasing mechanical elegance -Screw-down crown with an O-ring for enhanced [&hellip;]<\/p>","protected":false},"featured_media":32668,"comment_status":"closed","ping_status":"open","template":"","meta":{"site-sidebar-layout":"default","site-content-layout":"","ast-site-content-layout":"","site-content-style":"default","site-sidebar-style":"default","ast-global-header-display":"","ast-banner-title-visibility":"","ast-main-header-display":"","ast-hfb-above-header-display":"","ast-hfb-below-header-display":"","ast-hfb-mobile-header-display":"","site-post-title":"","ast-breadcrumbs-content":"","ast-featured-img":"","footer-sml-layout":"","theme-transparent-header-meta":"","adv-header-id-meta":"","stick-header-meta":"","header-above-stick-meta":"","header-main-stick-meta":"","header-below-stick-meta":"","astra-migrate-meta-layouts":"default","ast-page-background-enabled":"default","ast-page-background-meta":{"desktop":{"background-color":"var(--ast-global-color-5)","background-image":"","background-repeat":"repeat","background-position":"center center","background-size":"auto","background-attachment":"scroll","background-type":"","background-media":"","overlay-type":"","overlay-color":"","overlay-opacity":"","overlay-gradient":""},"tablet":{"background-color":"","background-image":"","background-repeat":"repeat","background-position":"center center","background-size":"auto","background-attachment":"scroll","background-type":"","background-media":"","overlay-type":"","overlay-color":"","overlay-opacity":"","overlay-gradient":""},"mobile":{"background-color":"","background-image":"","background-repeat":"repeat","background-position":"center center","background-size":"auto","background-attachment":"scroll","background-type":"","background-media":"","overlay-type":"","overlay-color":"","overlay-opacity":"","overlay-gradient":""}},"ast-content-background-meta":{"desktop":{"background-color":"var(--ast-global-color-4)","background-image":"","background-repeat":"repeat","background-position":"center center","background-size":"auto","background-attachment":"scroll","background-type":"","background-media":"","overlay-type":"","overlay-color":"","overlay-opacity":"","overlay-gradient":""},"tablet":{"background-color":"var(--ast-global-color-4)","background-image":"","background-repeat":"repeat","background-position":"center center","background-size":"auto","background-attachment":"scroll","background-type":"","background-media":"","overlay-type":"","overlay-color":"","overlay-opacity":"","overlay-gradient":""},"mobile":{"background-color":"var(--ast-global-color-4)","background-image":"","background-repeat":"repeat","background-position":"center center","background-size":"auto","background-attachment":"scroll","background-type":"","background-media":"","overlay-type":"","overlay-color":"","overlay-opacity":"","overlay-gradient":""}}},"product_brand":[575],"product_cat":[579,578,80],"product_tag":[577,576],"class_list":{"0":"post-32667","1":"product","2":"type-product","3":"status-publish","4":"has-post-thumbnail","6":"product_brand-rolex","7":"product_cat-daytona","8":"product_cat-rolex","9":"product_cat-watchs","10":"product_tag-daytona","11":"product_tag-rolex","12":"desktop-align-left","13":"tablet-align-left","14":"mobile-align-left","16":"first","17":"instock","18":"sale","19":"purchasable","20":"product-type-simple"},"tiered_pricing_type":"fixed","tiered_pricing_fixed_rules":[],"tiered_pricing_product_settings":{"layout":"default","base_unit_name":{"singular":null,"plural":null},"default_variation":null},"tiered_pricing_minimum_quantity":null,"tiered_pricing_roles_data":[],"tiered_pricing_percentage_rules":[],"tiered_pricing_maximum_quantity":null,"tiered_pricing_quantity_step":null,"_links":{"self":[{"href":"https:\/\/prestige-aura.com\/es\/wp-json\/wp\/v2\/product\/32667","targetHints":{"allow":["GET"]}}],"collection":[{"href":"https:\/\/prestige-aura.com\/es\/wp-json\/wp\/v2\/product"}],"about":[{"href":"https:\/\/prestige-aura.com\/es\/wp-json\/wp\/v2\/types\/product"}],"replies":[{"embeddable":true,"href":"https:\/\/prestige-aura.com\/es\/wp-json\/wp\/v2\/comments?post=32667"}],"wp:featuredmedia":[{"embeddable":true,"href":"https:\/\/prestige-aura.com\/es\/wp-json\/wp\/v2\/media\/32668"}],"wp:attachment":[{"href":"https:\/\/prestige-aura.com\/es\/wp-json\/wp\/v2\/media?parent=32667"}],"wp:term":[{"taxonomy":"product_brand","embeddable":true,"href":"https:\/\/prestige-aura.com\/es\/wp-json\/wp\/v2\/product_brand?post=32667"},{"taxonomy":"product_cat","embeddable":true,"href":"https:\/\/prestige-aura.com\/es\/wp-json\/wp\/v2\/product_cat?post=32667"},{"taxonomy":"product_tag","embeddable":true,"href":"https:\/\/prestige-aura.com\/es\/wp-json\/wp\/v2\/product_tag?post=32667"}],"curies":[{"name":"wp","href":"https:\/\/api.w.org\/{rel}","templated":true}]}}