
{"id":48873,"date":"2025-07-07T05:45:14","date_gmt":"2025-07-07T05:45:14","guid":{"rendered":"https:\/\/prestige-aura.com\/?page_id=48873"},"modified":"2025-07-07T05:52:13","modified_gmt":"2025-07-07T05:52:13","slug":"buying-guide","status":"publish","type":"page","link":"https:\/\/prestige-aura.com\/es\/buying-guide\/","title":{"rendered":"GU\u00cdA DE COMPRA"},"content":{"rendered":"<div data-elementor-type=\"wp-page\" data-elementor-id=\"48873\" class=\"elementor elementor-48873\" data-elementor-post-type=\"page\">\n\t\t\t\t<div class=\"elementor-element elementor-element-e452f06 e-flex e-con-boxed e-con e-parent\" data-id=\"e452f06\" data-element_type=\"container\">\n\t\t\t\t\t<div class=\"e-con-inner\">\n\t\t\t\t<div class=\"elementor-element elementor-element-c2fc42d elementor-widget elementor-widget-heading\" data-id=\"c2fc42d\" data-element_type=\"widget\" data-widget_type=\"heading.default\">\n\t\t\t\t<div class=\"elementor-widget-container\">\n\t\t\t\t\t<h2 class=\"elementor-heading-title elementor-size-default\">GU\u00cdA DE COMPRA<\/h2>\t\t\t\t<\/div>\n\t\t\t\t<\/div>\n\t\t\t\t<div class=\"elementor-element elementor-element-38c298c elementor-widget elementor-widget-text-editor\" data-id=\"38c298c\" data-element_type=\"widget\" data-widget_type=\"text-editor.default\">\n\t\t\t\t<div class=\"elementor-widget-container\">\n\t\t\t\t\t\t\t\t\t<p>Gu\u00eda paso a paso para comprar r\u00e9plicas de art\u00edculos de lujo en Prestige Aura.<\/p>\t\t\t\t\t\t\t\t<\/div>\n\t\t\t\t<\/div>\n\t\t\t\t<div class=\"elementor-element elementor-element-c76fcfe elementor-widget elementor-widget-text-editor\" data-id=\"c76fcfe\" data-element_type=\"widget\" data-widget_type=\"text-editor.default\">\n\t\t\t\t<div class=\"elementor-widget-container\">\n\t\t\t\t\t\t\t\t\t<p><strong>1.Elija su producto<\/strong><\/p><p>Encuentre su estilo entre las r\u00e9plicas de art\u00edculos de lujo de alta calidad de Prestige Aura.<\/p><p><strong>2. Rellene los datos y seleccione la forma de pago<\/strong><\/p><p>Rellene con precisi\u00f3n la informaci\u00f3n de env\u00edo y elija uno de los m\u00e9todos de pago seguros y flexibles que ofrecemos, incluidos descuentos, y realice su pedido.<\/p><p><strong>3. Continuar por correo electr\u00f3nico o WhatsApp<\/strong><\/p><p>Despu\u00e9s de realizar un pedido con \u00e9xito, para una comunicaci\u00f3n m\u00e1s eficaz, siga comunic\u00e1ndose por correo electr\u00f3nico o WhatsApp. Le proporcionaremos un enlace de pago para que pueda continuar.<\/p><p><strong>4. Enviaremos<\/strong><\/p><p>Una vez confirmado el pago, nuestro equipo tramitar\u00e1 su pedido y preparar\u00e1 su art\u00edculo de lujo para la entrega urgente.<\/p>\t\t\t\t\t\t\t\t<\/div>\n\t\t\t\t<\/div>\n\t\t\t\t\t<\/div>\n\t\t\t\t<\/div>\n\t\t\t\t<\/div>","protected":false},"excerpt":{"rendered":"<p>BUYING GUIDE step by step guide to purchasing luxury replica luxury items from Prestige Aura. 1.Choose Your \u00a0Product Find your [&hellip;]<\/p>","protected":false},"author":1,"featured_media":0,"parent":0,"menu_order":0,"comment_status":"closed","ping_status":"closed","template":"","meta":{"site-sidebar-layout":"no-sidebar","site-content-layout":"","ast-site-content-layout":"full-width-container","site-content-style":"default","site-sidebar-style":"default","ast-global-header-display":"","ast-banner-title-visibility":"","ast-main-header-display":"","ast-hfb-above-header-display":"","ast-hfb-below-header-display":"","ast-hfb-mobile-header-display":"","site-post-title":"disabled","ast-breadcrumbs-content":"","ast-featured-img":"disabled","footer-sml-layout":"","theme-transparent-header-meta":"","adv-header-id-meta":"","stick-header-meta":"","header-above-stick-meta":"","header-main-stick-meta":"","header-below-stick-meta":"","astra-migrate-meta-layouts":"default","ast-page-background-enabled":"default","ast-page-background-meta":{"desktop":{"background-color":"var(--ast-global-color-5)","background-image":"","background-repeat":"repeat","background-position":"center center","background-size":"auto","background-attachment":"scroll","background-type":"","background-media":"","overlay-type":"","overlay-color":"","overlay-opacity":"","overlay-gradient":""},"tablet":{"background-color":"","background-image":"","background-repeat":"repeat","background-position":"center center","background-size":"auto","background-attachment":"scroll","background-type":"","background-media":"","overlay-type":"","overlay-color":"","overlay-opacity":"","overlay-gradient":""},"mobile":{"background-color":"","background-image":"","background-repeat":"repeat","background-position":"center center","background-size":"auto","background-attachment":"scroll","background-type":"","background-media":"","overlay-type":"","overlay-color":"","overlay-opacity":"","overlay-gradient":""}},"ast-content-background-meta":{"desktop":{"background-color":"var(--ast-global-color-4)","background-image":"","background-repeat":"repeat","background-position":"center center","background-size":"auto","background-attachment":"scroll","background-type":"","background-media":"","overlay-type":"","overlay-color":"","overlay-opacity":"","overlay-gradient":""},"tablet":{"background-color":"var(--ast-global-color-4)","background-image":"","background-repeat":"repeat","background-position":"center center","background-size":"auto","background-attachment":"scroll","background-type":"","background-media":"","overlay-type":"","overlay-color":"","overlay-opacity":"","overlay-gradient":""},"mobile":{"background-color":"var(--ast-global-color-4)","background-image":"","background-repeat":"repeat","background-position":"center center","background-size":"auto","background-attachment":"scroll","background-type":"","background-media":"","overlay-type":"","overlay-color":"","overlay-opacity":"","overlay-gradient":""}},"footnotes":""},"class_list":["post-48873","page","type-page","status-publish","hentry"],"_links":{"self":[{"href":"https:\/\/prestige-aura.com\/es\/wp-json\/wp\/v2\/pages\/48873","targetHints":{"allow":["GET"]}}],"collection":[{"href":"https:\/\/prestige-aura.com\/es\/wp-json\/wp\/v2\/pages"}],"about":[{"href":"https:\/\/prestige-aura.com\/es\/wp-json\/wp\/v2\/types\/page"}],"author":[{"embeddable":true,"href":"https:\/\/prestige-aura.com\/es\/wp-json\/wp\/v2\/users\/1"}],"replies":[{"embeddable":true,"href":"https:\/\/prestige-aura.com\/es\/wp-json\/wp\/v2\/comments?post=48873"}],"version-history":[{"count":0,"href":"https:\/\/prestige-aura.com\/es\/wp-json\/wp\/v2\/pages\/48873\/revisions"}],"wp:attachment":[{"href":"https:\/\/prestige-aura.com\/es\/wp-json\/wp\/v2\/media?parent=48873"}],"curies":[{"name":"wp","href":"https:\/\/api.w.org\/{rel}","templated":true}]}}