
{"id":41097,"date":"2025-06-24T06:06:00","date_gmt":"2025-06-24T06:06:00","guid":{"rendered":"https:\/\/prestige-aura.com\/product\/gucci-interlocking-g-leather-belt-%c2%a8c-b7\/"},"modified":"2025-08-24T14:22:09","modified_gmt":"2025-08-24T14:22:09","slug":"gucci-interlocking-g-leather-belt-b7","status":"publish","type":"product","link":"https:\/\/prestige-aura.com\/de_de\/produkt\/gucci-interlocking-g-leather-belt-b7\/","title":{"rendered":"GUCCI INEINANDER GREIFENDER-G LEDERG\u00dcRTEL-B7"},"content":{"rendered":"<div class=\"woocommerce-Tabs-panel woocommerce-Tabs-panel--description panel entry-content\" id=\"tab-description\" role=\"tabpanel\" aria-labelledby=\"tab-title-description\">\n<h2>Beschreibung des Produkts<\/h2>\n<p><strong>GUCCI INEINANDER GREIFENDER-G LEDERG\u00dcRTEL \u00a8C B7<\/strong><\/p>\n<ul>\n<li>Der Gucci Interlocking-G Lederg\u00fcrtel ist ein zeitloses Accessoire, das Luxus und Raffinesse verk\u00f6rpert. Das schlichte Design und die sorgf\u00e4ltige Verarbeitung machen ihn zu einem unverzichtbaren Accessoire f\u00fcr jeden, der seinem Ensemble einen Hauch von Eleganz verleihen m\u00f6chte.<\/li>\n<li>Ob zu Jeans f\u00fcr einen eleganten Freizeitlook oder zu ma\u00dfgeschneiderten Hosen f\u00fcr ein raffiniertes Finish. Der Gucci Interlocking-G Lederg\u00fcrtel ist ein Symbol f\u00fcr raffinierten Geschmack und zeitlose Mode. Das macht ihn zu einem unverzichtbaren Accessoire f\u00fcr den modernen Menschen.<\/li>\n<li>Gucci-Lederg\u00fcrtel mit Verriegelung \u00a8C B7<\/li>\n<\/ul>\n<div class=\"flex flex-grow flex-col max-w-full AIPRM__conversation__response\">\n<div class=\"min-h-[20px] text-message flex flex-col items-start whitespace-pre-wrap break-words [.text-message+&amp;]:mt-5 juice:w-full juice:items-end overflow-x-auto gap-2\" dir=\"auto\" data-message-author-role=\"assistant\" data-message-id=\"eace1aa8-bd8b-43e2-b448-bfc97a25b87e\">\n<div class=\"flex w-full flex-col gap-1 juice:empty:hidden juice:first:pt-[3px]\">\n<div class=\"markdown prose w-full break-words dark:prose-invert light\">\n<p>WEREPLICA existiert aus Liebe zur Mode. Unsere Mission ist es, der globale Anbieter mit Luxusprodukten und besten Preisen zu sein.<br \/> #GucciG\u00fcrtel #Lederg\u00fcrtel #GucciFashion #InterlockingG #LuxuryAccessoires #DesignerG\u00fcrtel #GucciStyle #HighFashion #GucciB7 #FashionStatement<\/p>\n<\/p><\/div>\n<\/p><\/div>\n<\/p><\/div>\n<\/p><\/div>\n<\/p><\/div>","protected":false},"excerpt":{"rendered":"<p>Product Description GUCCI INTERLOCKING-G LEATHER BELT \u00a8C B7 The Gucci Interlocking-G Leather Belt is a timeless accessory that exemplifies luxury [&hellip;]<\/p>","protected":false},"featured_media":15761,"comment_status":"closed","ping_status":"open","template":"","meta":{"site-sidebar-layout":"default","site-content-layout":"","ast-site-content-layout":"","site-content-style":"default","site-sidebar-style":"default","ast-global-header-display":"","ast-banner-title-visibility":"","ast-main-header-display":"","ast-hfb-above-header-display":"","ast-hfb-below-header-display":"","ast-hfb-mobile-header-display":"","site-post-title":"","ast-breadcrumbs-content":"","ast-featured-img":"","footer-sml-layout":"","theme-transparent-header-meta":"","adv-header-id-meta":"","stick-header-meta":"","header-above-stick-meta":"","header-main-stick-meta":"","header-below-stick-meta":"","astra-migrate-meta-layouts":"default","ast-page-background-enabled":"default","ast-page-background-meta":{"desktop":{"background-color":"var(--ast-global-color-5)","background-image":"","background-repeat":"repeat","background-position":"center center","background-size":"auto","background-attachment":"scroll","background-type":"","background-media":"","overlay-type":"","overlay-color":"","overlay-opacity":"","overlay-gradient":""},"tablet":{"background-color":"","background-image":"","background-repeat":"repeat","background-position":"center center","background-size":"auto","background-attachment":"scroll","background-type":"","background-media":"","overlay-type":"","overlay-color":"","overlay-opacity":"","overlay-gradient":""},"mobile":{"background-color":"","background-image":"","background-repeat":"repeat","background-position":"center center","background-size":"auto","background-attachment":"scroll","background-type":"","background-media":"","overlay-type":"","overlay-color":"","overlay-opacity":"","overlay-gradient":""}},"ast-content-background-meta":{"desktop":{"background-color":"var(--ast-global-color-4)","background-image":"","background-repeat":"repeat","background-position":"center center","background-size":"auto","background-attachment":"scroll","background-type":"","background-media":"","overlay-type":"","overlay-color":"","overlay-opacity":"","overlay-gradient":""},"tablet":{"background-color":"var(--ast-global-color-4)","background-image":"","background-repeat":"repeat","background-position":"center center","background-size":"auto","background-attachment":"scroll","background-type":"","background-media":"","overlay-type":"","overlay-color":"","overlay-opacity":"","overlay-gradient":""},"mobile":{"background-color":"var(--ast-global-color-4)","background-image":"","background-repeat":"repeat","background-position":"center center","background-size":"auto","background-attachment":"scroll","background-type":"","background-media":"","overlay-type":"","overlay-color":"","overlay-opacity":"","overlay-gradient":""}}},"product_brand":[57],"product_cat":[749,77],"product_tag":[52,75,58],"class_list":{"0":"post-41097","1":"product","2":"type-product","3":"status-publish","4":"has-post-thumbnail","6":"product_brand-gucci","7":"product_cat-gucci-belt","8":"product_cat-belt","9":"product_tag-accessories","10":"product_tag-belt","11":"product_tag-gucci","12":"pa_belt-size-608","13":"pa_belt-size-609","14":"pa_belt-size-610","15":"pa_belt-size-611","16":"pa_belt-size-612","17":"pa_belt-size-613","18":"pa_belt-size-614","19":"desktop-align-left","20":"tablet-align-left","21":"mobile-align-left","23":"first","24":"instock","25":"purchasable","26":"product-type-variable"},"tiered_pricing_type":"fixed","tiered_pricing_fixed_rules":[],"tiered_pricing_product_settings":{"layout":"default","base_unit_name":{"singular":null,"plural":null},"default_variation":null},"tiered_pricing_minimum_quantity":null,"tiered_pricing_roles_data":[],"tiered_pricing_percentage_rules":[],"tiered_pricing_maximum_quantity":null,"tiered_pricing_quantity_step":null,"_links":{"self":[{"href":"https:\/\/prestige-aura.com\/de_de\/wp-json\/wp\/v2\/product\/41097","targetHints":{"allow":["GET"]}}],"collection":[{"href":"https:\/\/prestige-aura.com\/de_de\/wp-json\/wp\/v2\/product"}],"about":[{"href":"https:\/\/prestige-aura.com\/de_de\/wp-json\/wp\/v2\/types\/product"}],"replies":[{"embeddable":true,"href":"https:\/\/prestige-aura.com\/de_de\/wp-json\/wp\/v2\/comments?post=41097"}],"wp:featuredmedia":[{"embeddable":true,"href":"https:\/\/prestige-aura.com\/de_de\/wp-json\/wp\/v2\/media\/15761"}],"wp:attachment":[{"href":"https:\/\/prestige-aura.com\/de_de\/wp-json\/wp\/v2\/media?parent=41097"}],"wp:term":[{"taxonomy":"product_brand","embeddable":true,"href":"https:\/\/prestige-aura.com\/de_de\/wp-json\/wp\/v2\/product_brand?post=41097"},{"taxonomy":"product_cat","embeddable":true,"href":"https:\/\/prestige-aura.com\/de_de\/wp-json\/wp\/v2\/product_cat?post=41097"},{"taxonomy":"product_tag","embeddable":true,"href":"https:\/\/prestige-aura.com\/de_de\/wp-json\/wp\/v2\/product_tag?post=41097"}],"curies":[{"name":"wp","href":"https:\/\/api.w.org\/{rel}","templated":true}]}}