
{"id":40325,"date":"2025-06-23T11:32:00","date_gmt":"2025-06-23T11:32:00","guid":{"rendered":"https:\/\/prestige-aura.com\/product\/breitling-super-chronomat-automatic-38-origins-small-scale-traceable-18k-red-gold-32-lab-grown-diamonds-ref-r17356531g1s1-unworn-2024\/"},"modified":"2025-06-24T08:05:06","modified_gmt":"2025-06-24T08:05:06","slug":"breitling-super-chronomat-automatic-38-origins-small-scale-traceable-18k-red-gold-32-lab-grown-diamonds-ref-r17356531g1s1-unworn-2024","status":"publish","type":"product","link":"https:\/\/prestige-aura.com\/de_de\/produkt\/breitling-super-chronomat-automatic-38-origins-small-scale-traceable-18k-red-gold-32-lab-grown-diamonds-ref-r17356531g1s1-unworn-2024\/","title":{"rendered":"Breitling Super Chronomat Automatic 38 Origins, kleine Skala r\u00fcckverfolgbar 18k Rotgold, 32 lab-gez\u00fcchtete Diamanten, Ref# R17356531G1S1, Ungetragen 2024"},"content":{"rendered":"<p class=\"MsoNormal\" style=\"margin-bottom: 6.0pt; line-height: normal;\"><span lang=\"EN-US\" style=\"font-family: 'Georgia',serif; mso-fareast-font-family: 'Times New Roman'; mso-bidi-font-family: Arial; mso-fareast-language: RU;\">Ungetragene Uhr Breitling Super Chronomat Automatic 38 Origins, poliert Small scale traceable 18k Red Gold Geh\u00e4use, Referenz R17356531G1S1, harmonisch kombinieren Pr\u00e4zisionstechnik und zeitlose Eleganz. Das schlanke 38-mm-Geh\u00e4use aus 18-kar\u00e4tigem Rotgold, das mit viel Liebe zum Detail gefertigt wurde, vereint Eleganz und Haltbarkeit. Das cremefarbene Zifferblatt ist mit einem \"B\"-Emblem aus 18k Rotgold mit kleiner Skala unterhalb der 12-Uhr-Position sowie mit polierten Indexen und Zeigern aus 18k Rotgold mit kleiner Skala verziert, die dank einer Leuchtstofff\u00fcllung im Dunkeln leuchten. Sie werden harmonisch erg\u00e4nzt durch einen d\u00fcnnen Sekundenzeiger aus 18k Rotgold mit kleiner Skala und speziellem Design, der einen Zeiger mit Leuchtstofff\u00fcllung und auf der anderen Seite das Herstellerlogo \u00a1\u00b0B\u00a1\u00b1 aufweist. Das Datumsfenster befindet sich auf der 6-Uhr-Position. Das Zifferblatt wird von einem gew\u00f6lbten, beidseitig entspiegelten Saphirglas verschlossen. Ein verschraubter, widerstandsf\u00e4higer Geh\u00e4useboden aus 18-kar\u00e4tigem Rotgold mit r\u00fcckf\u00fchrbarer Skala deckt das Uhrwerk sicher ab. Die r\u00fcckverfolgbare Krone aus 18 Karat Rotgold mit einer Kuppelform aus wei\u00dfer Keramik erm\u00f6glicht eine einfache Einstellung. Am Ende ist das Breitling-Logo angebracht. Die Uhr verf\u00fcgt \u00fcber eine polierte, r\u00fcckf\u00fchrbare, einseitig drehbare L\u00fcnette aus 18 Karat Rotgold mit einem Ratschenmechanismus, einem gro\u00dfen Leuchtpunkt im Ursprung und erhabenen 15-Minuten-Tabs mit wei\u00dfen Keramikeins\u00e4tzen und ist werkseitig mit 32 im Labor gez\u00fcchteten Diamanten besetzt. Das Modell ist mit dem Breitling-Kaliber 17 ausgestattet, das 25 Juwelen enth\u00e4lt und eine Gangreserve von etwa 38 Stunden hat. Die Uhr pr\u00e4sentiert sich mit dem ikonischen und bequemen Breitling Kautschukarmband, das an einem kleinen, r\u00fcckverfolgbaren 18-kar\u00e4tigen Rotgoldband befestigt wird. Die Wasserdichtigkeit betr\u00e4gt bis zu 100m\/330ft.<\/span><\/p>\n<ul>\n<li class=\"MsoNormal\" style=\"line-height: normal;\"><span lang=\"EN-US\" style=\"font-family: 'Georgia',serif; mso-fareast-font-family: 'Times New Roman'; mso-bidi-font-family: Arial; mso-fareast-language: RU;\">Marke: Breitling<\/span><\/li>\n<li class=\"MsoNormal\" style=\"line-height: normal;\"><span lang=\"EN-US\" style=\"font-family: 'Georgia',serif; mso-fareast-font-family: 'Times New Roman'; mso-bidi-font-family: Arial; mso-fareast-language: RU;\">Modell: Super Chronomat Automatik 38 Urspr\u00fcnge<\/span><\/li>\n<li class=\"MsoNormal\" style=\"line-height: normal;\"><span lang=\"EN-US\" style=\"font-family: 'Georgia',serif; mso-fareast-font-family: 'Times New Roman'; mso-bidi-font-family: Arial; mso-fareast-language: RU;\">Referenz: R17356531G1S1<\/span><\/li>\n<li class=\"MsoNormal\" style=\"line-height: normal;\"><span lang=\"EN-US\" style=\"font-family: 'Georgia',serif; mso-fareast-font-family: 'Times New Roman'; mso-bidi-font-family: Arial; mso-fareast-language: RU;\">Durchmesser: 38 mm<\/span><\/li>\n<li class=\"MsoNormal\" style=\"line-height: normal;\"><span lang=\"EN-US\" style=\"font-family: 'Georgia',serif; mso-fareast-font-family: 'Times New Roman'; mso-bidi-font-family: Arial; mso-fareast-language: RU;\">Material des Geh\u00e4uses: Kleinskaliges r\u00fcckverfolgbares 18k Rotgold <\/span><\/li>\n<li class=\"MsoNormal\" style=\"line-height: normal;\"><span lang=\"EN-US\" style=\"font-family: 'Georgia',serif; mso-fareast-font-family: 'Times New Roman'; mso-bidi-font-family: Arial; mso-fareast-language: RU;\">Zifferblattfarbe: Creme<\/span><\/li>\n<li class=\"MsoNormal\" style=\"line-height: normal;\"><span lang=\"EN-US\" style=\"font-family: 'Georgia',serif; mso-fareast-font-family: 'Times New Roman'; mso-bidi-font-family: Arial; mso-fareast-language: RU;\">L\u00fcnette Typ: Unidirektional - gerastert drehbar<\/span><\/li>\n<li class=\"MsoNormal\" style=\"line-height: normal;\"><span lang=\"EN-US\" style=\"font-family: 'Georgia',serif; mso-fareast-font-family: 'Times New Roman'; mso-bidi-font-family: Arial; mso-fareast-language: RU;\">L\u00fcnette Farbe: Rotgold-Farbe<\/span><\/li>\n<li class=\"MsoNormal\" style=\"line-height: normal;\">\n<span lang=\"EN-US\" style=\"font-family: 'Georgia',serif; mso-fareast-font-family: 'Times New Roman'; mso-bidi-font-family: Arial; mso-fareast-language: RU;\">L\u00fcnette Material: Kleine Skala r\u00fcckverfolgbar 18k Rotgold<\/span><span lang=\"EN-US\"> <\/span><span lang=\"EN-US\" style=\"font-family: 'Georgia',serif; mso-fareast-font-family: 'Times New Roman'; mso-bidi-font-family: Arial; mso-fareast-language: RU;\">besetzt mit 32 im Labor gez\u00fcchteten Diamanten<\/span>\n<\/li>\n<li class=\"MsoNormal\" style=\"line-height: normal;\"><span lang=\"EN-US\" style=\"font-family: 'Georgia',serif; mso-fareast-font-family: 'Times New Roman'; mso-bidi-font-family: Arial; mso-fareast-language: RU;\">Glas: Konvexes Saphirglas, beidseitig entspiegelt<\/span><\/li>\n<li class=\"MsoNormal\" style=\"line-height: normal;\"><span lang=\"EN-US\" style=\"font-family: 'Georgia',serif; mso-fareast-font-family: 'Times New Roman'; mso-bidi-font-family: Arial; mso-fareast-language: RU;\">Uhrwerk: Mechanischer Selbstaufzug <\/span><\/li>\n<li class=\"MsoNormal\" style=\"line-height: normal;\"><span lang=\"EN-US\" style=\"font-family: 'Georgia',serif; mso-fareast-font-family: 'Times New Roman'; mso-bidi-font-family: Arial; mso-fareast-language: RU;\">Armband Typ:<span style=\"mso-spacerun: yes;\">&nbsp; <\/span>Riemen<\/span><\/li>\n<li class=\"MsoNormal\" style=\"line-height: normal;\"><span lang=\"EN-US\" style=\"font-family: 'Georgia',serif; mso-fareast-font-family: 'Times New Roman'; mso-bidi-font-family: Arial; mso-fareast-language: RU;\">Material des Armbands: Wei\u00dfer Gummi<\/span><\/li>\n<li class=\"MsoNormal\" style=\"line-height: normal;\"><span lang=\"EN-US\" style=\"font-family: 'Georgia',serif; mso-fareast-font-family: 'Times New Roman'; mso-bidi-font-family: Arial; mso-fareast-language: RU;\">Schlie\u00dfe: Kleiner r\u00fcckverfolgbarer 18k Rotgold Tang-Typ<\/span><\/li>\n<li class=\"MsoNormal\" style=\"line-height: normal;\"><span lang=\"EN-US\" style=\"font-family: 'Georgia',serif; mso-fareast-font-family: 'Times New Roman'; mso-bidi-font-family: Arial; mso-fareast-language: RU;\">Funktionen: Datum, Stunde, Minuten, Sekunden <span style=\"mso-spacerun: yes;\">&nbsp;<\/span><\/span><\/li>\n<li class=\"MsoNormal\" style=\"line-height: normal;\"><span lang=\"EN-US\" style=\"font-family: 'Georgia',serif; mso-fareast-font-family: 'Times New Roman'; mso-bidi-font-family: Arial; mso-fareast-language: RU;\">Wasserdicht: Bis zu 100m\/330ft (10 ATM)<\/span><\/li>\n<li class=\"MsoNormal\" style=\"line-height: normal;\"><span lang=\"EN-US\" style=\"font-family: 'Georgia',serif; mso-fareast-font-family: 'Times New Roman'; mso-bidi-font-family: Arial; mso-fareast-language: RU;\">Garantie: Rest der internationalen Breitling-Garantie<\/span><\/li>\n<\/ul>\n<p class=\"MsoNormal\" style=\"margin-bottom: .0001pt; line-height: normal;\"><span lang=\"EN-US\" style=\"font-family: 'Georgia',serif; mso-fareast-font-family: 'Times New Roman'; mso-bidi-font-family: Arial; mso-fareast-language: RU;\">Die Uhr ist ungetragen und wird mit komplettem Originalzubeh\u00f6r geliefert, wie z.B. Uhrenbox, Garantiekarte von vor kurzem, Brosch\u00fcren und Handb\u00fcchern.<\/span><\/p>\n<p><!----><\/p>","protected":false},"excerpt":{"rendered":"<p>Unworn watch Breitling Super Chronomat Automatic 38 Origins, polished Small scale traceable 18k Red Gold case, reference R17356531G1S1, harmoniously combine [&hellip;]<\/p>","protected":false},"featured_media":40326,"comment_status":"closed","ping_status":"open","template":"","meta":{"site-sidebar-layout":"default","site-content-layout":"","ast-site-content-layout":"","site-content-style":"default","site-sidebar-style":"default","ast-global-header-display":"","ast-banner-title-visibility":"","ast-main-header-display":"","ast-hfb-above-header-display":"","ast-hfb-below-header-display":"","ast-hfb-mobile-header-display":"","site-post-title":"","ast-breadcrumbs-content":"","ast-featured-img":"","footer-sml-layout":"","theme-transparent-header-meta":"","adv-header-id-meta":"","stick-header-meta":"","header-above-stick-meta":"","header-main-stick-meta":"","header-below-stick-meta":"","astra-migrate-meta-layouts":"default","ast-page-background-enabled":"default","ast-page-background-meta":{"desktop":{"background-color":"var(--ast-global-color-5)","background-image":"","background-repeat":"repeat","background-position":"center center","background-size":"auto","background-attachment":"scroll","background-type":"","background-media":"","overlay-type":"","overlay-color":"","overlay-opacity":"","overlay-gradient":""},"tablet":{"background-color":"","background-image":"","background-repeat":"repeat","background-position":"center center","background-size":"auto","background-attachment":"scroll","background-type":"","background-media":"","overlay-type":"","overlay-color":"","overlay-opacity":"","overlay-gradient":""},"mobile":{"background-color":"","background-image":"","background-repeat":"repeat","background-position":"center center","background-size":"auto","background-attachment":"scroll","background-type":"","background-media":"","overlay-type":"","overlay-color":"","overlay-opacity":"","overlay-gradient":""}},"ast-content-background-meta":{"desktop":{"background-color":"var(--ast-global-color-4)","background-image":"","background-repeat":"repeat","background-position":"center center","background-size":"auto","background-attachment":"scroll","background-type":"","background-media":"","overlay-type":"","overlay-color":"","overlay-opacity":"","overlay-gradient":""},"tablet":{"background-color":"var(--ast-global-color-4)","background-image":"","background-repeat":"repeat","background-position":"center center","background-size":"auto","background-attachment":"scroll","background-type":"","background-media":"","overlay-type":"","overlay-color":"","overlay-opacity":"","overlay-gradient":""},"mobile":{"background-color":"var(--ast-global-color-4)","background-image":"","background-repeat":"repeat","background-position":"center center","background-size":"auto","background-attachment":"scroll","background-type":"","background-media":"","overlay-type":"","overlay-color":"","overlay-opacity":"","overlay-gradient":""}}},"product_brand":[215],"product_cat":[401,725,80],"product_tag":[594,730],"class_list":{"0":"post-40325","1":"product","2":"type-product","3":"status-publish","4":"has-post-thumbnail","6":"product_brand-breitling","7":"product_cat-breitling-replica-watches","8":"product_cat-chronomat","9":"product_cat-watchs","10":"product_tag-breitling","11":"product_tag-chronomat","12":"desktop-align-left","13":"tablet-align-left","14":"mobile-align-left","16":"first","17":"instock","18":"sale","19":"purchasable","20":"product-type-simple"},"tiered_pricing_type":"fixed","tiered_pricing_fixed_rules":[],"tiered_pricing_product_settings":{"layout":"default","base_unit_name":{"singular":null,"plural":null},"default_variation":null},"tiered_pricing_minimum_quantity":null,"tiered_pricing_roles_data":[],"tiered_pricing_percentage_rules":[],"tiered_pricing_maximum_quantity":null,"tiered_pricing_quantity_step":null,"_links":{"self":[{"href":"https:\/\/prestige-aura.com\/de_de\/wp-json\/wp\/v2\/product\/40325","targetHints":{"allow":["GET"]}}],"collection":[{"href":"https:\/\/prestige-aura.com\/de_de\/wp-json\/wp\/v2\/product"}],"about":[{"href":"https:\/\/prestige-aura.com\/de_de\/wp-json\/wp\/v2\/types\/product"}],"replies":[{"embeddable":true,"href":"https:\/\/prestige-aura.com\/de_de\/wp-json\/wp\/v2\/comments?post=40325"}],"wp:featuredmedia":[{"embeddable":true,"href":"https:\/\/prestige-aura.com\/de_de\/wp-json\/wp\/v2\/media\/40326"}],"wp:attachment":[{"href":"https:\/\/prestige-aura.com\/de_de\/wp-json\/wp\/v2\/media?parent=40325"}],"wp:term":[{"taxonomy":"product_brand","embeddable":true,"href":"https:\/\/prestige-aura.com\/de_de\/wp-json\/wp\/v2\/product_brand?post=40325"},{"taxonomy":"product_cat","embeddable":true,"href":"https:\/\/prestige-aura.com\/de_de\/wp-json\/wp\/v2\/product_cat?post=40325"},{"taxonomy":"product_tag","embeddable":true,"href":"https:\/\/prestige-aura.com\/de_de\/wp-json\/wp\/v2\/product_tag?post=40325"}],"curies":[{"name":"wp","href":"https:\/\/api.w.org\/{rel}","templated":true}]}}