
{"id":36845,"date":"2025-06-22T06:52:00","date_gmt":"2025-06-22T06:52:00","guid":{"rendered":"https:\/\/prestige-aura.com\/product\/hublot-spirit-of-big-bang-king-gold-42mm-ref-641-ox-0183-lr-2\/"},"modified":"2025-06-24T08:13:33","modified_gmt":"2025-06-24T08:13:33","slug":"hublot-spirit-of-big-bang-king-gold-42mm-ref-641-ox-0183-lr-2","status":"publish","type":"product","link":"https:\/\/prestige-aura.com\/de_de\/produkt\/hublot-spirit-of-big-bang-king-gold-42mm-ref-641-ox-0183-lr-2\/","title":{"rendered":"Hublot Spirit of Big Bang King Gold 42mm, Ref# 641.OX.0183.LR"},"content":{"rendered":"<p>Hublot Spirit of Big Bang King Gold 42mm Uhr. Geb\u00fcrstet \/ satiniert 18k King Gold Geh\u00e4use mit polierten abgeschr\u00e4gten Ecken, Referenz 641.OX.0183.LR. Dieses Modell hat ein transparentes Saphirglas-Zifferblatt mit fetten, geb\u00fcrsteten 18k King Gold Minuten- und Stundenzeigern mit Leuchtstofff\u00fcllung oben und skelettierten B\u00f6den. Applizierte geb\u00fcrstete 18-kar\u00e4tige King Gold \u00a1\u00aeApplique\u00a1\u00af Index Indexe mit Leuchtmasse. Schwarzer innerer L\u00fcnettenrand am Zifferblattrand mit roter Minuten-\/Sekundenanzeige. Kleines Hilfszifferblatt mit laufender Sekunde auf der 9-Uhr-Position. Sichtbares skelettiertes Datumsrad. Das aktuelle Datum wird zwischen der 4 und 5 Uhr Position angezeigt, hervorgehoben durch einen schwarzen Hintergrund und einen blauen Rand. Chronographen-Stoppuhrfunktion:? gro\u00dfer zentraler Sekundenz\u00e4hler mit dem Logo \u00a1\u00b0H\u00a1\u00b1 als Gegengewicht; schwarz umrandetes 30-Minuten-Z\u00e4hlwerk auf der 3-Uhr-Position; schwarz umrandetes 12-Stunden-Z\u00e4hlwerk auf der 6-Uhr-Position. Geb\u00fcrstete und polierte Krone und Chrono-Dr\u00fccker aus 18 K King Gold mit schwarzem Einsatz. Die Krone hat eine Zug-\/Druckfunktion, auf der das Hublot-Logo eingraviert ist. Das Zifferblatt wird von einem kratzfesten Saphirglas mit Antireflex-Behandlung geschlossen. Der transparente Geh\u00e4useboden ist aus Saphirglas gefertigt. Die Uhr ist mit einer festen L\u00fcnette aus 18-kar\u00e4tigem K\u00f6nigsgold mit mikrogestrahlten (dunklen) Vertiefungen ausgestattet, die mit 6 polierten Titanschrauben im \u00a1\u00b0H\u00a1\u00b1-Stil befestigt sind. Seitliche Geh\u00e4usemitte und L\u00fcnettenans\u00e4tze aus schwarzem Verbundharz. Die Uhr ist mit einem automatischen Skelett-Chronographenwerk Hublot Kaliber HUB 4700 ausgestattet, enth\u00e4lt 31 Juwelen und hat eine ungef\u00e4hre Gangreserve von 50 Stunden. Dieses Modell pr\u00e4sentiert sich mit einem braunen \u00a1\u00b0Gummy-Alligator\u00a1\u00b1 Armband: Alligatorleder auf der Oberseite, schwarzer Kautschuk auf der Unterseite und Kanten, Armband mit Faltschlie\u00dfe aus 18K King Gold und schwarzem PVD-Edelstahl. Die Wasserdichtigkeit betr\u00e4gt bis zu 100m\/330ft (10 ATM).<\/p>\n<p>Marke: Hublot<br \/>\nModell: Spirit of Big Bang King Gold 42mm?<br \/>\nReferenz: 641.OX.0183.LR<br \/>\nDurchmesser: 48mm x 42mm<br \/>\nMaterial des Geh\u00e4uses: Geb\u00fcrstetes\/satiniertes 18k King Gold<br \/>\nZifferblattfarbe: Saphirglas transparent<br \/>\nL\u00fcnette Typ: Feststehend<br \/>\nL\u00fcnette Farbe: Rosa<br \/>\nL\u00fcnette Material: 18k K\u00f6nig Gold<br \/>\nKristall: Saphir<br \/>\nUhrwerk: Automatik, mechanischer Selbstaufzug<br \/>\nArmband Typ: Armband<br \/>\nMaterial des Armbands: Braunes Alligatorleder mit schwarzem Kautschuk<br \/>\nSchlie\u00dfe: 18K King Gold und Black PVD Edelstahl Faltschlie\u00dfe<br \/>\nFunktionen: Datum, Chronograph, Stunden, Minuten, Sekunden<br \/>\nWasserdicht: Bis zu 100m\/330ft (10 ATM)<br \/>\nGarantie: Saldo der internationalen Hublot-Garantie?<\/p>\n<p>Alle neuen Hublot-Uhren werden mit der neuesten Version der Hublot e-Warranty geliefert, die keine Garantiekarten\/-b\u00fccher\/-brosch\u00fcren aus Papier\/Plastik usw. mehr enth\u00e4lt. Mit der HUBLOT e-warranty lanciert Hublot eine digitale Garantie, die in der AURA-Blockchain gespeichert ist, sowie eine spezielle e-warranty-Anwendung f\u00fcr Kunden. Die einheitliche Anerkennung des St\u00fccks durch die Hublot e-warranty-Anwendung ist im Google Play Store und in der Apple App verf\u00fcgbar.<\/p>","protected":false},"excerpt":{"rendered":"<p>Hublot Spirit of Big Bang King Gold 42mm watch. Brushed\/satin finished 18k King Gold case with polished beveled corners, Reference [&hellip;]<\/p>","protected":false},"featured_media":36846,"comment_status":"closed","ping_status":"open","template":"","meta":{"site-sidebar-layout":"default","site-content-layout":"","ast-site-content-layout":"","site-content-style":"default","site-sidebar-style":"default","ast-global-header-display":"","ast-banner-title-visibility":"","ast-main-header-display":"","ast-hfb-above-header-display":"","ast-hfb-below-header-display":"","ast-hfb-mobile-header-display":"","site-post-title":"","ast-breadcrumbs-content":"","ast-featured-img":"","footer-sml-layout":"","theme-transparent-header-meta":"","adv-header-id-meta":"","stick-header-meta":"","header-above-stick-meta":"","header-main-stick-meta":"","header-below-stick-meta":"","astra-migrate-meta-layouts":"default","ast-page-background-enabled":"default","ast-page-background-meta":{"desktop":{"background-color":"var(--ast-global-color-5)","background-image":"","background-repeat":"repeat","background-position":"center center","background-size":"auto","background-attachment":"scroll","background-type":"","background-media":"","overlay-type":"","overlay-color":"","overlay-opacity":"","overlay-gradient":""},"tablet":{"background-color":"","background-image":"","background-repeat":"repeat","background-position":"center center","background-size":"auto","background-attachment":"scroll","background-type":"","background-media":"","overlay-type":"","overlay-color":"","overlay-opacity":"","overlay-gradient":""},"mobile":{"background-color":"","background-image":"","background-repeat":"repeat","background-position":"center center","background-size":"auto","background-attachment":"scroll","background-type":"","background-media":"","overlay-type":"","overlay-color":"","overlay-opacity":"","overlay-gradient":""}},"ast-content-background-meta":{"desktop":{"background-color":"var(--ast-global-color-4)","background-image":"","background-repeat":"repeat","background-position":"center center","background-size":"auto","background-attachment":"scroll","background-type":"","background-media":"","overlay-type":"","overlay-color":"","overlay-opacity":"","overlay-gradient":""},"tablet":{"background-color":"var(--ast-global-color-4)","background-image":"","background-repeat":"repeat","background-position":"center center","background-size":"auto","background-attachment":"scroll","background-type":"","background-media":"","overlay-type":"","overlay-color":"","overlay-opacity":"","overlay-gradient":""},"mobile":{"background-color":"var(--ast-global-color-4)","background-image":"","background-repeat":"repeat","background-position":"center center","background-size":"auto","background-attachment":"scroll","background-type":"","background-media":"","overlay-type":"","overlay-color":"","overlay-opacity":"","overlay-gradient":""}}},"product_brand":[682],"product_cat":[685,684,80],"product_tag":[683],"class_list":{"0":"post-36845","1":"product","2":"type-product","3":"status-publish","4":"has-post-thumbnail","6":"product_brand-hublot","7":"product_cat-big-bang","8":"product_cat-hublot","9":"product_cat-watchs","10":"product_tag-hublot","11":"desktop-align-left","12":"tablet-align-left","13":"mobile-align-left","15":"first","16":"instock","17":"sale","18":"purchasable","19":"product-type-simple"},"tiered_pricing_type":"fixed","tiered_pricing_fixed_rules":[],"tiered_pricing_product_settings":{"layout":"default","base_unit_name":{"singular":null,"plural":null},"default_variation":null},"tiered_pricing_minimum_quantity":null,"tiered_pricing_roles_data":[],"tiered_pricing_percentage_rules":[],"tiered_pricing_maximum_quantity":null,"tiered_pricing_quantity_step":null,"_links":{"self":[{"href":"https:\/\/prestige-aura.com\/de_de\/wp-json\/wp\/v2\/product\/36845","targetHints":{"allow":["GET"]}}],"collection":[{"href":"https:\/\/prestige-aura.com\/de_de\/wp-json\/wp\/v2\/product"}],"about":[{"href":"https:\/\/prestige-aura.com\/de_de\/wp-json\/wp\/v2\/types\/product"}],"replies":[{"embeddable":true,"href":"https:\/\/prestige-aura.com\/de_de\/wp-json\/wp\/v2\/comments?post=36845"}],"wp:featuredmedia":[{"embeddable":true,"href":"https:\/\/prestige-aura.com\/de_de\/wp-json\/wp\/v2\/media\/36846"}],"wp:attachment":[{"href":"https:\/\/prestige-aura.com\/de_de\/wp-json\/wp\/v2\/media?parent=36845"}],"wp:term":[{"taxonomy":"product_brand","embeddable":true,"href":"https:\/\/prestige-aura.com\/de_de\/wp-json\/wp\/v2\/product_brand?post=36845"},{"taxonomy":"product_cat","embeddable":true,"href":"https:\/\/prestige-aura.com\/de_de\/wp-json\/wp\/v2\/product_cat?post=36845"},{"taxonomy":"product_tag","embeddable":true,"href":"https:\/\/prestige-aura.com\/de_de\/wp-json\/wp\/v2\/product_tag?post=36845"}],"curies":[{"name":"wp","href":"https:\/\/api.w.org\/{rel}","templated":true}]}}