
{"id":36827,"date":"2025-06-22T06:51:00","date_gmt":"2025-06-22T06:51:00","guid":{"rendered":"https:\/\/prestige-aura.com\/product\/hublot-classic-fusion-chronograph-orlinkski-full-titanium-41mm-ref-549-ni-1270-ni-orl23-2\/"},"modified":"2025-06-24T12:34:49","modified_gmt":"2025-06-24T12:34:49","slug":"hublot-classic-fusion-chronograph-orlinkski-full-titanium-41mm-ref-549-ni-1270-ni-orl23-2","status":"publish","type":"product","link":"https:\/\/prestige-aura.com\/de_de\/produkt\/hublot-classic-fusion-chronograph-orlinkski-full-titanium-41mm-ref-549-ni-1270-ni-orl23-2\/","title":{"rendered":"Hublot Classic Fusion Chronograph Orlinkski Full Titanium, 41mm, Ref# 549.NI.1270.NI.ORL23"},"content":{"rendered":"<p>Lovers of art and extremely precise geometry received a new result of Hublots collaboration with the famous French artist Richard Orlinkski, which was the new 2023 Hublot Classic Fusion Chronograph Orlinkski Full Titanium, 41 mm, microblasted and polished Titanium, Reference 549.NI.1270.NI.ORL23. Despite the exquisite geometric design of the case, the watch has a strict polished black dial, which maintains its high readability. The faceted silver Rhodium plated hour and minute hands and Rhodium plated hour markers give the watch a unique and attractive appearance. The watch has small seconds dial located at the 3 o\u00a1\u00afclock position. The chronograph\/stopwatch function includes a large, elegant central seconds hand with the H logo as a counterweight, and a 30-minute counter located at 9 o\u00a1\u00afclock. Polished titanium pushers operate it at 2 and 4 o\u00a1\u00afclock positions. Date window located the 6 o\u00a1\u00afclock positions. Helps you manage your watch polished titanium crown with the Hublot logo engraved with contoured grooves for improved grip. The dial closed by a Scratch-resistant Sapphire Crystal with Anti-reflective Treatment. The case back of the watch is also made of sapphire crystal, allowing you to observe the fantastic work of the watch movement. The model decorates a fixed dodecagonal Orlinski bezel in Microblasted and Polished Titanium, secured with six of Hublots\u00a1\u00af signature titanium \u00a1\u00b0H\u00a1\u00b1 screws. The watch\u00a1\u00afs flawless operation is ensured by the HUB1153 Self-winding Chronograph Movement, which contains 59 jewels and has an approximate power reserve of 42 hours. This model is presented on an elegant and comfortable Microblasted Titanium bracelet, masterfully designed by Orlanski, with a Titanium Deployant Buckle Clasp. The water resistance is up to 50m\/65ft (5 ATM).<\/p>\n<p>Marke: Hublot<br \/>\nModel: Classic Fusion Chronograph Orlinkski Full Titanium<br \/>\nReference: 549.NI.1270.NI.ORL23<br \/>\nDiameter: 41mm<br \/>\nCase material: Microblasted and Polished Titanium<br \/>\nDial color: Polished Black<br \/>\nL\u00fcnette Typ: Feststehend<br \/>\nBezel Color: Grey<br \/>\nBezel Material: Microblasted and Polished Titanium<br \/>\nCrystal: Scratch-resistant Sapphire Crystal with Anti-reflective Treatment<br \/>\nMovement: HUB1153 Self-winding Chronograph movement<br \/>\nBracelet Type: Bracelet<br \/>\nBracelet Material: Microblasted Titanium<br \/>\nSchlie\u00dfe: Faltschlie\u00dfe aus Titan<br \/>\nFunctions: Date, Chronograph, Hour, Minute, Seconds<br \/>\nWater resistance: Up to a 50m\/65ft (5 ATM)<\/p>\n<p>Garantie: Saldo der internationalen Hublot-Garantie?<\/p>\n<p>Alle neuen Hublot-Uhren werden mit der neuesten Version der Hublot e-Warranty geliefert, die keine Papier-\/Plastik-Garantiekarten\/B\u00fccher\/Brosch\u00fcren usw. enth\u00e4lt.<br \/>\nDie Echtheit der Hublot-Uhren wird durch die visuelle Erkennung der Mikrostruktur ihrer Materialien garantiert. Mit der HUBLOT e-warranty f\u00fchrt Hublot eine digitale Garantie ein, die in der AURA-Blockchain gespeichert ist.<br \/>\nF\u00fcr Kunden gibt es auch eine spezielle E-Garantie-Anwendung. Die einheitliche Anerkennung des St\u00fccks durch die Hublot e-warranty Anwendung, ist auf dem Google Play Store und Apple App zur Verf\u00fcgung.<\/p>","protected":false},"excerpt":{"rendered":"<p>Lovers of art and extremely precise geometry received a new result of Hublots collaboration with the famous French artist Richard [&hellip;]<\/p>","protected":false},"featured_media":36484,"comment_status":"closed","ping_status":"closed","template":"","meta":{"site-sidebar-layout":"default","site-content-layout":"","ast-site-content-layout":"","site-content-style":"default","site-sidebar-style":"default","ast-global-header-display":"","ast-banner-title-visibility":"","ast-main-header-display":"","ast-hfb-above-header-display":"","ast-hfb-below-header-display":"","ast-hfb-mobile-header-display":"","site-post-title":"","ast-breadcrumbs-content":"","ast-featured-img":"","footer-sml-layout":"","theme-transparent-header-meta":"","adv-header-id-meta":"","stick-header-meta":"","header-above-stick-meta":"","header-main-stick-meta":"","header-below-stick-meta":"","astra-migrate-meta-layouts":"default","ast-page-background-enabled":"default","ast-page-background-meta":{"desktop":{"background-color":"var(--ast-global-color-5)","background-image":"","background-repeat":"repeat","background-position":"center center","background-size":"auto","background-attachment":"scroll","background-type":"","background-media":"","overlay-type":"","overlay-color":"","overlay-opacity":"","overlay-gradient":""},"tablet":{"background-color":"","background-image":"","background-repeat":"repeat","background-position":"center center","background-size":"auto","background-attachment":"scroll","background-type":"","background-media":"","overlay-type":"","overlay-color":"","overlay-opacity":"","overlay-gradient":""},"mobile":{"background-color":"","background-image":"","background-repeat":"repeat","background-position":"center center","background-size":"auto","background-attachment":"scroll","background-type":"","background-media":"","overlay-type":"","overlay-color":"","overlay-opacity":"","overlay-gradient":""}},"ast-content-background-meta":{"desktop":{"background-color":"var(--ast-global-color-4)","background-image":"","background-repeat":"repeat","background-position":"center center","background-size":"auto","background-attachment":"scroll","background-type":"","background-media":"","overlay-type":"","overlay-color":"","overlay-opacity":"","overlay-gradient":""},"tablet":{"background-color":"var(--ast-global-color-4)","background-image":"","background-repeat":"repeat","background-position":"center center","background-size":"auto","background-attachment":"scroll","background-type":"","background-media":"","overlay-type":"","overlay-color":"","overlay-opacity":"","overlay-gradient":""},"mobile":{"background-color":"var(--ast-global-color-4)","background-image":"","background-repeat":"repeat","background-position":"center center","background-size":"auto","background-attachment":"scroll","background-type":"","background-media":"","overlay-type":"","overlay-color":"","overlay-opacity":"","overlay-gradient":""}}},"product_brand":[682],"product_cat":[80,684,686],"product_tag":[683],"class_list":{"0":"post-36827","1":"product","2":"type-product","3":"status-publish","4":"has-post-thumbnail","6":"product_brand-hublot","7":"product_cat-watchs","8":"product_cat-hublot","9":"product_cat-classic-fusion","10":"product_tag-hublot","11":"desktop-align-left","12":"tablet-align-left","13":"mobile-align-left","15":"first","16":"instock","17":"sale","18":"purchasable","19":"product-type-simple"},"tiered_pricing_type":"fixed","tiered_pricing_fixed_rules":[],"tiered_pricing_product_settings":{"layout":"default","base_unit_name":{"singular":null,"plural":null},"default_variation":null},"tiered_pricing_minimum_quantity":null,"tiered_pricing_roles_data":[],"tiered_pricing_percentage_rules":[],"tiered_pricing_maximum_quantity":null,"tiered_pricing_quantity_step":null,"_links":{"self":[{"href":"https:\/\/prestige-aura.com\/de_de\/wp-json\/wp\/v2\/product\/36827","targetHints":{"allow":["GET"]}}],"collection":[{"href":"https:\/\/prestige-aura.com\/de_de\/wp-json\/wp\/v2\/product"}],"about":[{"href":"https:\/\/prestige-aura.com\/de_de\/wp-json\/wp\/v2\/types\/product"}],"replies":[{"embeddable":true,"href":"https:\/\/prestige-aura.com\/de_de\/wp-json\/wp\/v2\/comments?post=36827"}],"wp:featuredmedia":[{"embeddable":true,"href":"https:\/\/prestige-aura.com\/de_de\/wp-json\/wp\/v2\/media\/36484"}],"wp:attachment":[{"href":"https:\/\/prestige-aura.com\/de_de\/wp-json\/wp\/v2\/media?parent=36827"}],"wp:term":[{"taxonomy":"product_brand","embeddable":true,"href":"https:\/\/prestige-aura.com\/de_de\/wp-json\/wp\/v2\/product_brand?post=36827"},{"taxonomy":"product_cat","embeddable":true,"href":"https:\/\/prestige-aura.com\/de_de\/wp-json\/wp\/v2\/product_cat?post=36827"},{"taxonomy":"product_tag","embeddable":true,"href":"https:\/\/prestige-aura.com\/de_de\/wp-json\/wp\/v2\/product_tag?post=36827"}],"curies":[{"name":"wp","href":"https:\/\/api.w.org\/{rel}","templated":true}]}}