
{"id":36705,"date":"2025-06-22T06:43:00","date_gmt":"2025-06-22T06:43:00","guid":{"rendered":"https:\/\/prestige-aura.com\/product\/hublot-big-bang-one-click-rainbow-king-gold-ref-465-ox-9900-lr-0999-3\/"},"modified":"2025-06-24T12:28:53","modified_gmt":"2025-06-24T12:28:53","slug":"hublot-big-bang-one-click-rainbow-king-gold-ref-465-ox-9900-lr-0999-3","status":"publish","type":"product","link":"https:\/\/prestige-aura.com\/de_de\/produkt\/hublot-big-bang-one-click-rainbow-king-gold-ref-465-ox-9900-lr-0999-3\/","title":{"rendered":"Hublot Big Bang ONE CLICK RAINBOW KING GOLD Ref# 465.OX.9900.LR.0999"},"content":{"rendered":"<p>Unworn Hublot Big Bang ONE CLICK RAINBOW KING GOLD 465.OX.9900.LR.0999. 39 mm, Set with 307 Colored Gemstones: Rubies, Pink Sapphires, Amethysts, Blue Sapphires, Blue Topazes, Tsavorites, Yellow Sapphires and Orange Sapphires dial, Satin-finished and Polished 18K King Gold Set with 118 Colored Gemstones: Rubies, Pink Sapphires, Amethysts, Blue Sapphires, Blue Topazes, Tsavorites, Yellow Sapphires case, Sapphire with Anti-reflective Treatment crystal, Polished 18K King Gold Set with 48 Baguette-cut Colored Gemstones: Rubies, Pink Sapphires, Amethysts, Blue Sapphires, Blue Topazes, Tsavorites, Yellow Sapphires and Orange Sapphires 6 H-shaped Titanium Screws bezel, HUB1710 calibre, Self-winding Movement, 50hours power reserve, Black Rubber and Multicolored Alligator Leather Straps with 18K King Gold and Black-plated Titanium Deployant Buckle Clasp. Water resistant to 100 m.<br \/>\nTECHNISCHE DETAILS<\/p>\n<p>Marke: Hublot<br \/>\nModell: Urknall<br \/>\nReference: 465.OX.9900.LR.0999<br \/>\nDurchmesser: 39 mm<br \/>\nCase material: Satin-finished and Polished 18K King Gold Set with 118 Colored Gemstones: Rubies, Pink Sapphires, Amethysts, Blue Sapphires, Blue Topazes, Tsavorites, Yellow Sapphires<br \/>\nDial color: Set with 307 Colored Gemstones: Rubies, Pink Sapphires, Amethysts, Blue Sapphires, Blue Topazes, Tsavorites, Yellow Sapphires and Orange Sapphires<br \/>\nL\u00fcnette Typ: Feststehend<br \/>\nBezel Color: King Gold<br \/>\nBezel Material: Polished 18K King Gold Set with 48 Baguette-cut Colored Gemstones: Rubies, Pink Sapphires, Amethysts, Blue Sapphires, Blue Topazes, Tsavorites, Yellow Sapphires and Orange Sapphires 6 H-shaped Titanium Screws<br \/>\nGlas: Saphir mit Antireflexionsbehandlung<br \/>\nKaliber: HUB1710<br \/>\nUhrwerk: Selbstaufzug<br \/>\nPower Reserve: 50 hours<br \/>\nMaterial des Armbands: Schwarzer Kautschuk und mehrfarbige Alligatorlederarmb\u00e4nder<br \/>\nSchlie\u00dfe: Faltschlie\u00dfe aus 18K King Gold und schwarz beschichtetem Titan<br \/>\nFunktionen: Leuchtindizes, Datum<br \/>\nWasserdichtigkeit: 100 m<\/p>\n<p>Alle neuen Hublot-Uhren werden mit der neuesten Version der Hublot e-Warranty geliefert, die keine Garantiekarten\/-b\u00fccher\/-brosch\u00fcren aus Papier\/Plastik usw. enth\u00e4lt. Die Echtheit der Hublot-Uhren wird durch die visuelle Erkennung der Mikrostruktur ihrer Materialien garantiert. Mit der HUBLOT e-warranty f\u00fchrt Hublot eine digitale Garantie ein, die in der AURA-Blockchain gespeichert ist. F\u00fcr die Kunden gibt es auch eine spezielle e-warranty-Anwendung. Die einheitliche Anerkennung des St\u00fccks durch die Hublot e-warranty-Anwendung ist im Google Play Store und in der Apple App verf\u00fcgbar.<\/p>","protected":false},"excerpt":{"rendered":"<p>Unworn Hublot Big Bang ONE CLICK RAINBOW KING GOLD 465.OX.9900.LR.0999. 39 mm, Set with 307 Colored Gemstones: Rubies, Pink Sapphires, [&hellip;]<\/p>","protected":false},"featured_media":36706,"comment_status":"closed","ping_status":"open","template":"","meta":{"site-sidebar-layout":"default","site-content-layout":"","ast-site-content-layout":"","site-content-style":"default","site-sidebar-style":"default","ast-global-header-display":"","ast-banner-title-visibility":"","ast-main-header-display":"","ast-hfb-above-header-display":"","ast-hfb-below-header-display":"","ast-hfb-mobile-header-display":"","site-post-title":"","ast-breadcrumbs-content":"","ast-featured-img":"","footer-sml-layout":"","theme-transparent-header-meta":"","adv-header-id-meta":"","stick-header-meta":"","header-above-stick-meta":"","header-main-stick-meta":"","header-below-stick-meta":"","astra-migrate-meta-layouts":"default","ast-page-background-enabled":"default","ast-page-background-meta":{"desktop":{"background-color":"var(--ast-global-color-5)","background-image":"","background-repeat":"repeat","background-position":"center center","background-size":"auto","background-attachment":"scroll","background-type":"","background-media":"","overlay-type":"","overlay-color":"","overlay-opacity":"","overlay-gradient":""},"tablet":{"background-color":"","background-image":"","background-repeat":"repeat","background-position":"center center","background-size":"auto","background-attachment":"scroll","background-type":"","background-media":"","overlay-type":"","overlay-color":"","overlay-opacity":"","overlay-gradient":""},"mobile":{"background-color":"","background-image":"","background-repeat":"repeat","background-position":"center center","background-size":"auto","background-attachment":"scroll","background-type":"","background-media":"","overlay-type":"","overlay-color":"","overlay-opacity":"","overlay-gradient":""}},"ast-content-background-meta":{"desktop":{"background-color":"var(--ast-global-color-4)","background-image":"","background-repeat":"repeat","background-position":"center center","background-size":"auto","background-attachment":"scroll","background-type":"","background-media":"","overlay-type":"","overlay-color":"","overlay-opacity":"","overlay-gradient":""},"tablet":{"background-color":"var(--ast-global-color-4)","background-image":"","background-repeat":"repeat","background-position":"center center","background-size":"auto","background-attachment":"scroll","background-type":"","background-media":"","overlay-type":"","overlay-color":"","overlay-opacity":"","overlay-gradient":""},"mobile":{"background-color":"var(--ast-global-color-4)","background-image":"","background-repeat":"repeat","background-position":"center center","background-size":"auto","background-attachment":"scroll","background-type":"","background-media":"","overlay-type":"","overlay-color":"","overlay-opacity":"","overlay-gradient":""}}},"product_brand":[682],"product_cat":[685,684,80],"product_tag":[683],"class_list":{"0":"post-36705","1":"product","2":"type-product","3":"status-publish","4":"has-post-thumbnail","6":"product_brand-hublot","7":"product_cat-big-bang","8":"product_cat-hublot","9":"product_cat-watchs","10":"product_tag-hublot","11":"desktop-align-left","12":"tablet-align-left","13":"mobile-align-left","15":"first","16":"instock","17":"sale","18":"purchasable","19":"product-type-simple"},"tiered_pricing_type":"fixed","tiered_pricing_fixed_rules":[],"tiered_pricing_product_settings":{"layout":"default","base_unit_name":{"singular":null,"plural":null},"default_variation":null},"tiered_pricing_minimum_quantity":null,"tiered_pricing_roles_data":[],"tiered_pricing_percentage_rules":[],"tiered_pricing_maximum_quantity":null,"tiered_pricing_quantity_step":null,"_links":{"self":[{"href":"https:\/\/prestige-aura.com\/de_de\/wp-json\/wp\/v2\/product\/36705","targetHints":{"allow":["GET"]}}],"collection":[{"href":"https:\/\/prestige-aura.com\/de_de\/wp-json\/wp\/v2\/product"}],"about":[{"href":"https:\/\/prestige-aura.com\/de_de\/wp-json\/wp\/v2\/types\/product"}],"replies":[{"embeddable":true,"href":"https:\/\/prestige-aura.com\/de_de\/wp-json\/wp\/v2\/comments?post=36705"}],"wp:featuredmedia":[{"embeddable":true,"href":"https:\/\/prestige-aura.com\/de_de\/wp-json\/wp\/v2\/media\/36706"}],"wp:attachment":[{"href":"https:\/\/prestige-aura.com\/de_de\/wp-json\/wp\/v2\/media?parent=36705"}],"wp:term":[{"taxonomy":"product_brand","embeddable":true,"href":"https:\/\/prestige-aura.com\/de_de\/wp-json\/wp\/v2\/product_brand?post=36705"},{"taxonomy":"product_cat","embeddable":true,"href":"https:\/\/prestige-aura.com\/de_de\/wp-json\/wp\/v2\/product_cat?post=36705"},{"taxonomy":"product_tag","embeddable":true,"href":"https:\/\/prestige-aura.com\/de_de\/wp-json\/wp\/v2\/product_tag?post=36705"}],"curies":[{"name":"wp","href":"https:\/\/api.w.org\/{rel}","templated":true}]}}