
{"id":36695,"date":"2025-06-22T06:43:00","date_gmt":"2025-06-22T06:43:00","guid":{"rendered":"https:\/\/prestige-aura.com\/product\/hublot-big-bang-one-click-king-gold-white-full-pav%c2%a8%c2%a6-ref-485-oe-9000-rw-1604-3\/"},"modified":"2025-08-24T15:55:43","modified_gmt":"2025-08-24T15:55:43","slug":"hublot-big-bang-one-click-king-gold-white-full-pave-ref-485-oe-9000-rw-1604-3","status":"publish","type":"product","link":"https:\/\/prestige-aura.com\/de_de\/produkt\/hublot-big-bang-one-click-king-gold-white-full-pave-ref-485-oe-9000-rw-1604-3\/","title":{"rendered":"Hublot Big Bang ONE CLICK KING GOLD WHITE FULL PAV\u00c9 Ref# 485.OE.9000.RW.1604"},"content":{"rendered":"<p>Unworn Hublot Big Bang ONE CLICK KING GOLD WHITE FULL PAV\u00a8\u00a6 485.OE.9000.RW.1604. 33 mm, Set with 232 Diamonds dial, Polished 18K King Gold Set with 130 Diamonds for 0.4ct case, Sapphire with Anti-reflective Treatment crystal, Polished 18K King Gold Set with 36 Diamonds for 0.76ct bezel, HUB1120 calibre, Self-winding Movement, 40hours power reserve, White Structured Lined Rubber Straps with 18K King Gold and Titanium Deployant Buckle Clasp. Water resistant to 100 m.<br \/>\nTECHNISCHE DETAILS<\/p>\n<p>Marke: Hublot<br \/>\nModell: Urknall<br \/>\nReference: 485.OE.9000.RW.1604<br \/>\nDiameter: 33 mm<br \/>\nCase material: Polished 18K King Gold Set with 130 Diamonds for 0.4ct<br \/>\nDial color: Set with 232 Diamonds<br \/>\nL\u00fcnette Typ: Feststehend<br \/>\nBezel Color: King Gold<br \/>\nBezel Material: Polished 18K King Gold Set with 36 Diamonds for 0.76ct<br \/>\nGlas: Saphir mit Antireflexionsbehandlung<br \/>\nCalibre: HUB1120<br \/>\nUhrwerk: Selbstaufzug<br \/>\nPower Reserve: 40 hours<br \/>\nBracelet Material: White Structured Lined Rubber Straps<br \/>\nClasp: 18K King Gold and Titanium Deployant Buckle Clasp<br \/>\nFunktionen: Leuchtindizes, Datum<br \/>\nWasserdichtigkeit: 100 m<\/p>\n<p>Alle neuen Hublot-Uhren werden mit der neuesten Version der Hublot e-Warranty geliefert, die keine Garantiekarten\/-b\u00fccher\/-brosch\u00fcren aus Papier\/Plastik usw. enth\u00e4lt. Die Echtheit der Hublot-Uhren wird durch die visuelle Erkennung der Mikrostruktur ihrer Materialien garantiert. Mit der HUBLOT e-warranty f\u00fchrt Hublot eine digitale Garantie ein, die in der AURA-Blockchain gespeichert ist. F\u00fcr die Kunden gibt es auch eine spezielle e-warranty-Anwendung. Die einheitliche Anerkennung des St\u00fccks durch die Hublot e-warranty-Anwendung ist im Google Play Store und in der Apple App verf\u00fcgbar.<\/p>","protected":false},"excerpt":{"rendered":"<p>Unworn Hublot Big Bang ONE CLICK KING GOLD WHITE FULL PAV\u00a8\u00a6 485.OE.9000.RW.1604. 33 mm, Set with 232 Diamonds dial, Polished [&hellip;]<\/p>","protected":false},"featured_media":36696,"comment_status":"closed","ping_status":"open","template":"","meta":{"site-sidebar-layout":"default","site-content-layout":"","ast-site-content-layout":"","site-content-style":"default","site-sidebar-style":"default","ast-global-header-display":"","ast-banner-title-visibility":"","ast-main-header-display":"","ast-hfb-above-header-display":"","ast-hfb-below-header-display":"","ast-hfb-mobile-header-display":"","site-post-title":"","ast-breadcrumbs-content":"","ast-featured-img":"","footer-sml-layout":"","theme-transparent-header-meta":"","adv-header-id-meta":"","stick-header-meta":"","header-above-stick-meta":"","header-main-stick-meta":"","header-below-stick-meta":"","astra-migrate-meta-layouts":"default","ast-page-background-enabled":"default","ast-page-background-meta":{"desktop":{"background-color":"var(--ast-global-color-5)","background-image":"","background-repeat":"repeat","background-position":"center center","background-size":"auto","background-attachment":"scroll","background-type":"","background-media":"","overlay-type":"","overlay-color":"","overlay-opacity":"","overlay-gradient":""},"tablet":{"background-color":"","background-image":"","background-repeat":"repeat","background-position":"center center","background-size":"auto","background-attachment":"scroll","background-type":"","background-media":"","overlay-type":"","overlay-color":"","overlay-opacity":"","overlay-gradient":""},"mobile":{"background-color":"","background-image":"","background-repeat":"repeat","background-position":"center center","background-size":"auto","background-attachment":"scroll","background-type":"","background-media":"","overlay-type":"","overlay-color":"","overlay-opacity":"","overlay-gradient":""}},"ast-content-background-meta":{"desktop":{"background-color":"var(--ast-global-color-4)","background-image":"","background-repeat":"repeat","background-position":"center center","background-size":"auto","background-attachment":"scroll","background-type":"","background-media":"","overlay-type":"","overlay-color":"","overlay-opacity":"","overlay-gradient":""},"tablet":{"background-color":"var(--ast-global-color-4)","background-image":"","background-repeat":"repeat","background-position":"center center","background-size":"auto","background-attachment":"scroll","background-type":"","background-media":"","overlay-type":"","overlay-color":"","overlay-opacity":"","overlay-gradient":""},"mobile":{"background-color":"var(--ast-global-color-4)","background-image":"","background-repeat":"repeat","background-position":"center center","background-size":"auto","background-attachment":"scroll","background-type":"","background-media":"","overlay-type":"","overlay-color":"","overlay-opacity":"","overlay-gradient":""}}},"product_brand":[682],"product_cat":[685,684,80],"product_tag":[683],"class_list":{"0":"post-36695","1":"product","2":"type-product","3":"status-publish","4":"has-post-thumbnail","6":"product_brand-hublot","7":"product_cat-big-bang","8":"product_cat-hublot","9":"product_cat-watchs","10":"product_tag-hublot","11":"desktop-align-left","12":"tablet-align-left","13":"mobile-align-left","15":"first","16":"instock","17":"sale","18":"purchasable","19":"product-type-simple"},"tiered_pricing_type":"fixed","tiered_pricing_fixed_rules":[],"tiered_pricing_product_settings":{"layout":"default","base_unit_name":{"singular":null,"plural":null},"default_variation":null},"tiered_pricing_minimum_quantity":null,"tiered_pricing_roles_data":[],"tiered_pricing_percentage_rules":[],"tiered_pricing_maximum_quantity":null,"tiered_pricing_quantity_step":null,"_links":{"self":[{"href":"https:\/\/prestige-aura.com\/de_de\/wp-json\/wp\/v2\/product\/36695","targetHints":{"allow":["GET"]}}],"collection":[{"href":"https:\/\/prestige-aura.com\/de_de\/wp-json\/wp\/v2\/product"}],"about":[{"href":"https:\/\/prestige-aura.com\/de_de\/wp-json\/wp\/v2\/types\/product"}],"replies":[{"embeddable":true,"href":"https:\/\/prestige-aura.com\/de_de\/wp-json\/wp\/v2\/comments?post=36695"}],"wp:featuredmedia":[{"embeddable":true,"href":"https:\/\/prestige-aura.com\/de_de\/wp-json\/wp\/v2\/media\/36696"}],"wp:attachment":[{"href":"https:\/\/prestige-aura.com\/de_de\/wp-json\/wp\/v2\/media?parent=36695"}],"wp:term":[{"taxonomy":"product_brand","embeddable":true,"href":"https:\/\/prestige-aura.com\/de_de\/wp-json\/wp\/v2\/product_brand?post=36695"},{"taxonomy":"product_cat","embeddable":true,"href":"https:\/\/prestige-aura.com\/de_de\/wp-json\/wp\/v2\/product_cat?post=36695"},{"taxonomy":"product_tag","embeddable":true,"href":"https:\/\/prestige-aura.com\/de_de\/wp-json\/wp\/v2\/product_tag?post=36695"}],"curies":[{"name":"wp","href":"https:\/\/api.w.org\/{rel}","templated":true}]}}