
{"id":36689,"date":"2025-06-22T06:43:00","date_gmt":"2025-06-22T06:43:00","guid":{"rendered":"https:\/\/prestige-aura.com\/product\/hublot-big-bang-one-click-king-gold-white-diamonds-ref-485-oe-2080-rw-1204-3\/"},"modified":"2025-06-24T12:28:53","modified_gmt":"2025-06-24T12:28:53","slug":"hublot-big-bang-one-click-king-gold-white-diamonds-ref-485-oe-2080-rw-1204-3","status":"publish","type":"product","link":"https:\/\/prestige-aura.com\/de_de\/produkt\/hublot-big-bang-one-click-king-gold-white-diamonds-ref-485-oe-2080-rw-1204-3\/","title":{"rendered":"Hublot Big Bang ONE CLICK KING GOLD WHITE DIAMONDS Ref# 485.OE.2080.RW.1204"},"content":{"rendered":"<p>Unworn Hublot Big Bang ONE CLICK KING GOLD WHITE DIAMONDS 485.OE.2080.RW.1204. 33 mm, Matte White dial, Polished and Satin-finished 18K King Gold case, Sapphire with Anti-reflective Treatment crystal, Polished 18K King Gold Set with 36 Diamonds for 0.76ct bezel, HUB1120 calibre, Self-winding Movement, 40hours power reserve, White Structured Lined Rubber Straps with 18K King Gold and Stainless Steel Deployant Buckle Clasp. Water resistant to 100 m.<br \/>\nTECHNISCHE DETAILS<\/p>\n<p>Marke: Hublot<br \/>\nModell: Urknall<br \/>\nReference: 485.OE.2080.RW.1204<br \/>\nDiameter: 33 mm<br \/>\nCase material: Polished and Satin-finished 18K King Gold<br \/>\nDial color: Matte White<br \/>\nL\u00fcnette Typ: Feststehend<br \/>\nBezel Color: King Gold<br \/>\nBezel Material: Polished 18K King Gold Set with 36 Diamonds for 0.76ct<br \/>\nGlas: Saphir mit Antireflexionsbehandlung<br \/>\nCalibre: HUB1120<br \/>\nUhrwerk: Selbstaufzug<br \/>\nPower Reserve: 40 hours<br \/>\nBracelet Material: White Structured Lined Rubber Straps<br \/>\nClasp: 18K King Gold and Stainless Steel Deployant Buckle Clasp<br \/>\nFunktionen: Leuchtindizes, Datum<br \/>\nWasserdichtigkeit: 100 m<\/p>\n<p>Alle neuen Hublot-Uhren werden mit der neuesten Version der Hublot e-Warranty geliefert, die keine Garantiekarten\/-b\u00fccher\/-brosch\u00fcren aus Papier\/Plastik usw. enth\u00e4lt. Die Echtheit der Hublot-Uhren wird durch die visuelle Erkennung der Mikrostruktur ihrer Materialien garantiert. Mit der HUBLOT e-warranty f\u00fchrt Hublot eine digitale Garantie ein, die in der AURA-Blockchain gespeichert ist. F\u00fcr die Kunden gibt es auch eine spezielle e-warranty-Anwendung. Die einheitliche Anerkennung des St\u00fccks durch die Hublot e-warranty-Anwendung ist im Google Play Store und in der Apple App verf\u00fcgbar.<\/p>","protected":false},"excerpt":{"rendered":"<p>Unworn Hublot Big Bang ONE CLICK KING GOLD WHITE DIAMONDS 485.OE.2080.RW.1204. 33 mm, Matte White dial, Polished and Satin-finished 18K [&hellip;]<\/p>","protected":false},"featured_media":36690,"comment_status":"closed","ping_status":"open","template":"","meta":{"site-sidebar-layout":"default","site-content-layout":"","ast-site-content-layout":"","site-content-style":"default","site-sidebar-style":"default","ast-global-header-display":"","ast-banner-title-visibility":"","ast-main-header-display":"","ast-hfb-above-header-display":"","ast-hfb-below-header-display":"","ast-hfb-mobile-header-display":"","site-post-title":"","ast-breadcrumbs-content":"","ast-featured-img":"","footer-sml-layout":"","theme-transparent-header-meta":"","adv-header-id-meta":"","stick-header-meta":"","header-above-stick-meta":"","header-main-stick-meta":"","header-below-stick-meta":"","astra-migrate-meta-layouts":"default","ast-page-background-enabled":"default","ast-page-background-meta":{"desktop":{"background-color":"var(--ast-global-color-5)","background-image":"","background-repeat":"repeat","background-position":"center center","background-size":"auto","background-attachment":"scroll","background-type":"","background-media":"","overlay-type":"","overlay-color":"","overlay-opacity":"","overlay-gradient":""},"tablet":{"background-color":"","background-image":"","background-repeat":"repeat","background-position":"center center","background-size":"auto","background-attachment":"scroll","background-type":"","background-media":"","overlay-type":"","overlay-color":"","overlay-opacity":"","overlay-gradient":""},"mobile":{"background-color":"","background-image":"","background-repeat":"repeat","background-position":"center center","background-size":"auto","background-attachment":"scroll","background-type":"","background-media":"","overlay-type":"","overlay-color":"","overlay-opacity":"","overlay-gradient":""}},"ast-content-background-meta":{"desktop":{"background-color":"var(--ast-global-color-4)","background-image":"","background-repeat":"repeat","background-position":"center center","background-size":"auto","background-attachment":"scroll","background-type":"","background-media":"","overlay-type":"","overlay-color":"","overlay-opacity":"","overlay-gradient":""},"tablet":{"background-color":"var(--ast-global-color-4)","background-image":"","background-repeat":"repeat","background-position":"center center","background-size":"auto","background-attachment":"scroll","background-type":"","background-media":"","overlay-type":"","overlay-color":"","overlay-opacity":"","overlay-gradient":""},"mobile":{"background-color":"var(--ast-global-color-4)","background-image":"","background-repeat":"repeat","background-position":"center center","background-size":"auto","background-attachment":"scroll","background-type":"","background-media":"","overlay-type":"","overlay-color":"","overlay-opacity":"","overlay-gradient":""}}},"product_brand":[682],"product_cat":[80,684,685],"product_tag":[683],"class_list":{"0":"post-36689","1":"product","2":"type-product","3":"status-publish","4":"has-post-thumbnail","6":"product_brand-hublot","7":"product_cat-watchs","8":"product_cat-hublot","9":"product_cat-big-bang","10":"product_tag-hublot","11":"desktop-align-left","12":"tablet-align-left","13":"mobile-align-left","15":"first","16":"instock","17":"sale","18":"purchasable","19":"product-type-simple"},"tiered_pricing_type":"fixed","tiered_pricing_fixed_rules":[],"tiered_pricing_product_settings":{"layout":"default","base_unit_name":{"singular":null,"plural":null},"default_variation":null},"tiered_pricing_minimum_quantity":null,"tiered_pricing_roles_data":[],"tiered_pricing_percentage_rules":[],"tiered_pricing_maximum_quantity":null,"tiered_pricing_quantity_step":null,"_links":{"self":[{"href":"https:\/\/prestige-aura.com\/de_de\/wp-json\/wp\/v2\/product\/36689","targetHints":{"allow":["GET"]}}],"collection":[{"href":"https:\/\/prestige-aura.com\/de_de\/wp-json\/wp\/v2\/product"}],"about":[{"href":"https:\/\/prestige-aura.com\/de_de\/wp-json\/wp\/v2\/types\/product"}],"replies":[{"embeddable":true,"href":"https:\/\/prestige-aura.com\/de_de\/wp-json\/wp\/v2\/comments?post=36689"}],"wp:featuredmedia":[{"embeddable":true,"href":"https:\/\/prestige-aura.com\/de_de\/wp-json\/wp\/v2\/media\/36690"}],"wp:attachment":[{"href":"https:\/\/prestige-aura.com\/de_de\/wp-json\/wp\/v2\/media?parent=36689"}],"wp:term":[{"taxonomy":"product_brand","embeddable":true,"href":"https:\/\/prestige-aura.com\/de_de\/wp-json\/wp\/v2\/product_brand?post=36689"},{"taxonomy":"product_cat","embeddable":true,"href":"https:\/\/prestige-aura.com\/de_de\/wp-json\/wp\/v2\/product_cat?post=36689"},{"taxonomy":"product_tag","embeddable":true,"href":"https:\/\/prestige-aura.com\/de_de\/wp-json\/wp\/v2\/product_tag?post=36689"}],"curies":[{"name":"wp","href":"https:\/\/api.w.org\/{rel}","templated":true}]}}