
{"id":36657,"date":"2025-06-22T06:40:00","date_gmt":"2025-06-22T06:40:00","guid":{"rendered":"https:\/\/prestige-aura.com\/product\/hublot-big-bang-mp-11-power-reserve-14-days-3d-carbon-rainbow-ref-911-qd-0123-lr-4099-3\/"},"modified":"2025-06-24T12:28:55","modified_gmt":"2025-06-24T12:28:55","slug":"hublot-big-bang-mp-11-power-reserve-14-days-3d-carbon-rainbow-ref-911-qd-0123-lr-4099-3","status":"publish","type":"product","link":"https:\/\/prestige-aura.com\/de_de\/produkt\/hublot-big-bang-mp-11-power-reserve-14-days-3d-carbon-rainbow-ref-911-qd-0123-lr-4099-3\/","title":{"rendered":"Hublot Big Bang MP-11 POWER RESERVE 14 TAGE 3D CARBON RAINBOW Ref# 911.QD.0123.LR.4099"},"content":{"rendered":"<p>Ungetragene Hublot Big Bang MP-11 POWER RESERVE 14 DAYS 3D CARBON RAINBOW 911.QD.0123.LR.4099. 45 mm, Zifferblatt aus Saphirglas, Geh\u00e4use aus 3D Carbon Fiber, Saphirglas mit Antireflex-Behandlung, schwarz beschichtetes Set mit 48 farbigen Edelsteinen im Baguetteschliff: Rubine, rosafarbene Saphire, Amethyste, blaue Saphire, blaue Topase, Tsavorite, gelbe Saphire und orangefarbene Saphire, L\u00fcnette, Kaliber HUB911, skelettiertes Uhrwerk mit Handaufzug und Gangreserveanzeige, 14 Tage Gangreserve, Armb\u00e4nder aus schwarzem Kautschuk und mehrfarbigem Alligatorleder mit Faltschlie\u00dfe aus schwarzer Keramik und schwarz beschichtetem Titan. Wasserdicht bis 30 m.<\/p>\n<p>Marke: Hublot<br \/>\nModell: Urknall<br \/>\nReferenz: 911.QD.0123.LR.4099<br \/>\nDurchmesser: 45 mm<br \/>\nMaterial des Geh\u00e4uses: 3D-Kohlefaser<br \/>\nZifferblattfarbe: Saphirglas<br \/>\nL\u00fcnette Typ: Feststehend<br \/>\nFarbe der L\u00fcnette: Schwarz<br \/>\nMaterial der L\u00fcnette: Schwarz beschichtet, besetzt mit 48 farbigen Edelsteinen im Baguetteschliff: Rubine, rosa Saphire, Amethyste, blaue Saphire, blaue Topase, Tsavorite, gelbe Saphire und orangefarbene Saphire<br \/>\nGlas: Saphir mit Antireflexionsbehandlung<br \/>\nKaliber: HUB9011<br \/>\nUhrwerk: Skelettiertes Uhrwerk mit manuellem Aufzug und Gangreserve mit 7 seriengekoppelten Federh\u00e4usern und Gangreserve-Anzeigerolle<br \/>\nGangreserve: 14 Tage<br \/>\nMaterial des Armbands: Schwarzer Kautschuk und mehrfarbige Alligatorlederarmb\u00e4nder<br \/>\nSchlie\u00dfe: Schlie\u00dfe mit Faltschlie\u00dfe aus schwarzer Keramik und schwarz beschichtetem Titan<br \/>\nFunktionen: Leuchtindizes, Datum<br \/>\nWasserdicht: 30 m<\/p>\n<p>Alle neuen Hublot-Uhren werden mit der neuesten Version der Hublot e-Warranty geliefert, die keine Garantiekarten\/-b\u00fccher\/-brosch\u00fcren aus Papier\/Plastik usw. enth\u00e4lt. Die Echtheit der Hublot-Uhren wird durch die visuelle Erkennung der Mikrostruktur ihrer Materialien garantiert. Mit der HUBLOT e-warranty f\u00fchrt Hublot eine digitale Garantie ein, die in der AURA-Blockchain gespeichert ist. F\u00fcr die Kunden gibt es auch eine spezielle e-warranty-Anwendung. Die einheitliche Anerkennung des St\u00fccks durch die Hublot e-warranty-Anwendung ist im Google Play Store und in der Apple App verf\u00fcgbar.<\/p>","protected":false},"excerpt":{"rendered":"<p>Unworn Hublot Big Bang MP-11 POWER RESERVE 14 DAYS 3D CARBON RAINBOW 911.QD.0123.LR.4099. 45 mm, Sapphire Crystal dial, 3D Carbon [&hellip;]<\/p>","protected":false},"featured_media":36658,"comment_status":"closed","ping_status":"open","template":"","meta":{"site-sidebar-layout":"default","site-content-layout":"","ast-site-content-layout":"","site-content-style":"default","site-sidebar-style":"default","ast-global-header-display":"","ast-banner-title-visibility":"","ast-main-header-display":"","ast-hfb-above-header-display":"","ast-hfb-below-header-display":"","ast-hfb-mobile-header-display":"","site-post-title":"","ast-breadcrumbs-content":"","ast-featured-img":"","footer-sml-layout":"","theme-transparent-header-meta":"","adv-header-id-meta":"","stick-header-meta":"","header-above-stick-meta":"","header-main-stick-meta":"","header-below-stick-meta":"","astra-migrate-meta-layouts":"default","ast-page-background-enabled":"default","ast-page-background-meta":{"desktop":{"background-color":"var(--ast-global-color-5)","background-image":"","background-repeat":"repeat","background-position":"center center","background-size":"auto","background-attachment":"scroll","background-type":"","background-media":"","overlay-type":"","overlay-color":"","overlay-opacity":"","overlay-gradient":""},"tablet":{"background-color":"","background-image":"","background-repeat":"repeat","background-position":"center center","background-size":"auto","background-attachment":"scroll","background-type":"","background-media":"","overlay-type":"","overlay-color":"","overlay-opacity":"","overlay-gradient":""},"mobile":{"background-color":"","background-image":"","background-repeat":"repeat","background-position":"center center","background-size":"auto","background-attachment":"scroll","background-type":"","background-media":"","overlay-type":"","overlay-color":"","overlay-opacity":"","overlay-gradient":""}},"ast-content-background-meta":{"desktop":{"background-color":"var(--ast-global-color-4)","background-image":"","background-repeat":"repeat","background-position":"center center","background-size":"auto","background-attachment":"scroll","background-type":"","background-media":"","overlay-type":"","overlay-color":"","overlay-opacity":"","overlay-gradient":""},"tablet":{"background-color":"var(--ast-global-color-4)","background-image":"","background-repeat":"repeat","background-position":"center center","background-size":"auto","background-attachment":"scroll","background-type":"","background-media":"","overlay-type":"","overlay-color":"","overlay-opacity":"","overlay-gradient":""},"mobile":{"background-color":"var(--ast-global-color-4)","background-image":"","background-repeat":"repeat","background-position":"center center","background-size":"auto","background-attachment":"scroll","background-type":"","background-media":"","overlay-type":"","overlay-color":"","overlay-opacity":"","overlay-gradient":""}}},"product_brand":[682],"product_cat":[685,684,80],"product_tag":[683],"class_list":{"0":"post-36657","1":"product","2":"type-product","3":"status-publish","4":"has-post-thumbnail","6":"product_brand-hublot","7":"product_cat-big-bang","8":"product_cat-hublot","9":"product_cat-watchs","10":"product_tag-hublot","11":"desktop-align-left","12":"tablet-align-left","13":"mobile-align-left","15":"first","16":"instock","17":"sale","18":"purchasable","19":"product-type-simple"},"tiered_pricing_type":"fixed","tiered_pricing_fixed_rules":[],"tiered_pricing_product_settings":{"layout":"default","base_unit_name":{"singular":null,"plural":null},"default_variation":null},"tiered_pricing_minimum_quantity":null,"tiered_pricing_roles_data":[],"tiered_pricing_percentage_rules":[],"tiered_pricing_maximum_quantity":null,"tiered_pricing_quantity_step":null,"_links":{"self":[{"href":"https:\/\/prestige-aura.com\/de_de\/wp-json\/wp\/v2\/product\/36657","targetHints":{"allow":["GET"]}}],"collection":[{"href":"https:\/\/prestige-aura.com\/de_de\/wp-json\/wp\/v2\/product"}],"about":[{"href":"https:\/\/prestige-aura.com\/de_de\/wp-json\/wp\/v2\/types\/product"}],"replies":[{"embeddable":true,"href":"https:\/\/prestige-aura.com\/de_de\/wp-json\/wp\/v2\/comments?post=36657"}],"wp:featuredmedia":[{"embeddable":true,"href":"https:\/\/prestige-aura.com\/de_de\/wp-json\/wp\/v2\/media\/36658"}],"wp:attachment":[{"href":"https:\/\/prestige-aura.com\/de_de\/wp-json\/wp\/v2\/media?parent=36657"}],"wp:term":[{"taxonomy":"product_brand","embeddable":true,"href":"https:\/\/prestige-aura.com\/de_de\/wp-json\/wp\/v2\/product_brand?post=36657"},{"taxonomy":"product_cat","embeddable":true,"href":"https:\/\/prestige-aura.com\/de_de\/wp-json\/wp\/v2\/product_cat?post=36657"},{"taxonomy":"product_tag","embeddable":true,"href":"https:\/\/prestige-aura.com\/de_de\/wp-json\/wp\/v2\/product_tag?post=36657"}],"curies":[{"name":"wp","href":"https:\/\/api.w.org\/{rel}","templated":true}]}}