
{"id":34006,"date":"2025-06-21T12:48:00","date_gmt":"2025-06-21T12:48:00","guid":{"rendered":"https:\/\/prestige-aura.com\/product\/rolex-perpetual-41mm-oystersteel-oyster-men%c2%afs-watch-124300\/"},"modified":"2025-08-24T16:10:46","modified_gmt":"2025-08-24T16:10:46","slug":"rolex-perpetual-41mm-oystersteel-oyster-mens-watch-124300","status":"publish","type":"product","link":"https:\/\/prestige-aura.com\/de_de\/produkt\/rolex-perpetual-41mm-oystersteel-oyster-mens-watch-124300\/","title":{"rendered":"Rolex Perpetual 41mm Oystersteel Oyster Men&#8217;s Watch 124300"},"content":{"rendered":"<div class=\"woocommerce-product-details__short-description\">\n<h4><strong><b>Eigenschaften<\/b><\/strong><\/h4>\n<ul>\n<li data-start=\"44\" data-end=\"136\">\n<p data-start=\"46\" data-end=\"136\">Ausgestattet mit einem geschwungenen Sekundenzeiger f\u00fcr einen reibungslosen Ablauf, der die mechanische Eleganz unterstreicht<\/p>\n<\/li>\n<li data-start=\"137\" data-end=\"202\">\n<p data-start=\"139\" data-end=\"202\">Verschraubte Krone mit O-Ring f\u00fcr erh\u00f6hte Wasserdichtigkeit<\/p>\n<\/li>\n<li data-start=\"203\" data-end=\"307\">\n<p data-start=\"205\" data-end=\"307\">Hacking-Mechanismus: Der Sekundenzeiger stoppt, wenn die Krone herausgezogen wird, und gew\u00e4hrleistet eine pr\u00e4zise Zeiteinstellung<\/p>\n<\/li>\n<li data-start=\"308\" data-end=\"429\">\n<p data-start=\"310\" data-end=\"429\">Die Glieder des Armbands sind mit Schrauben statt mit herk\u00f6mmlichen Stiften befestigt, was eine gr\u00f6\u00dfere Stabilit\u00e4t und eine einfachere Wartung erm\u00f6glicht.<\/p>\n<\/li>\n<li data-start=\"430\" data-end=\"550\">\n<p data-start=\"432\" data-end=\"550\">Das Logo der Rolex-Krone ist auf der 6-Uhr-Position in das Glas ge\u00e4tzt und unterstreicht die handwerkliche Qualit\u00e4t und die Liebe zum Detail<\/p>\n<\/li>\n<\/ul>\n<\/div>\n<div class=\"woocommerce-Tabs-panel woocommerce-Tabs-panel--description panel entry-content wc-tab\" id=\"tab-description\" role=\"tabpanel\" aria-labelledby=\"tab-title-description\" style=\"\">\n<p>&nbsp;<\/p>\n<table class=\"expert-table\">\n<tbody>\n<tr>\n<th>Produktname<\/th>\n<td>&nbsp;Rolex Oyster Perpetual 124300<\/td>\n<\/tr>\n<tr>\n<th>W\u00e4hlen Sie<\/th>\n<td>Bright Black (as shown picture in this page)<\/td>\n<\/tr>\n<tr>\n<th>L\u00fcnette<\/th>\n<td>Domed&nbsp;(Correct Material as Genuine)<\/td>\n<\/tr>\n<tr>\n<th>Glas<\/th>\n<td>Saphirglas<\/td>\n<\/tr>\n<tr>\n<th>Zifferblatt Abmessungen<\/th>\n<td>41 mm (korrekte Gr\u00f6\u00dfe wie im Original)<\/td>\n<\/tr>\n<tr>\n<th>Gewicht<\/th>\n<td>155.5 grams<\/td>\n<\/tr>\n<tr>\n<th>Material<\/th>\n<td>1 St\u00fcck geschmiedete Geh\u00e4usekonstruktion, massiver 316L-Edelstahl<\/td>\n<\/tr>\n<tr>\n<th>Armb\u00e4nder<\/th>\n<td>Stainless Steel Finish Oyster Style Bracelet with with comfort extension link<\/td>\n<\/tr>\n<tr>\n<th>Bewegung<\/th>\n<td>Asian 2813 Automatikwerk, 21J (keine Batterie f\u00fcr die Lebensdauer erforderlich), Edelstahl Uhrwerkring<\/td>\n<\/tr>\n<tr>\n<th>&nbsp;Funktionen<\/th>\n<td>Stunden, Minuten, Sekunden<\/td>\n<\/tr>\n<tr>\n<th>Zur\u00fcck<\/th>\n<td>Solider Geh\u00e4useboden<\/td>\n<\/tr>\n<tr>\n<th>Modell<\/th>\n<td>SS Case, Domed Bezel, Bright Black Dial, Luminous Stick Markers, Engraved ROLEXROLEX on rehaut<\/td>\n<\/tr>\n<\/tbody>\n<\/table><\/div>","protected":false},"excerpt":{"rendered":"<p>Features Equipped with a sweeping second hand for smooth movement, showcasing mechanical elegance Screw-down crown with an O-ring for enhanced [&hellip;]<\/p>","protected":false},"featured_media":34007,"comment_status":"closed","ping_status":"open","template":"","meta":{"site-sidebar-layout":"default","site-content-layout":"","ast-site-content-layout":"","site-content-style":"default","site-sidebar-style":"default","ast-global-header-display":"","ast-banner-title-visibility":"","ast-main-header-display":"","ast-hfb-above-header-display":"","ast-hfb-below-header-display":"","ast-hfb-mobile-header-display":"","site-post-title":"","ast-breadcrumbs-content":"","ast-featured-img":"","footer-sml-layout":"","theme-transparent-header-meta":"","adv-header-id-meta":"","stick-header-meta":"","header-above-stick-meta":"","header-main-stick-meta":"","header-below-stick-meta":"","astra-migrate-meta-layouts":"default","ast-page-background-enabled":"default","ast-page-background-meta":{"desktop":{"background-color":"var(--ast-global-color-5)","background-image":"","background-repeat":"repeat","background-position":"center center","background-size":"auto","background-attachment":"scroll","background-type":"","background-media":"","overlay-type":"","overlay-color":"","overlay-opacity":"","overlay-gradient":""},"tablet":{"background-color":"","background-image":"","background-repeat":"repeat","background-position":"center center","background-size":"auto","background-attachment":"scroll","background-type":"","background-media":"","overlay-type":"","overlay-color":"","overlay-opacity":"","overlay-gradient":""},"mobile":{"background-color":"","background-image":"","background-repeat":"repeat","background-position":"center center","background-size":"auto","background-attachment":"scroll","background-type":"","background-media":"","overlay-type":"","overlay-color":"","overlay-opacity":"","overlay-gradient":""}},"ast-content-background-meta":{"desktop":{"background-color":"var(--ast-global-color-4)","background-image":"","background-repeat":"repeat","background-position":"center center","background-size":"auto","background-attachment":"scroll","background-type":"","background-media":"","overlay-type":"","overlay-color":"","overlay-opacity":"","overlay-gradient":""},"tablet":{"background-color":"var(--ast-global-color-4)","background-image":"","background-repeat":"repeat","background-position":"center center","background-size":"auto","background-attachment":"scroll","background-type":"","background-media":"","overlay-type":"","overlay-color":"","overlay-opacity":"","overlay-gradient":""},"mobile":{"background-color":"var(--ast-global-color-4)","background-image":"","background-repeat":"repeat","background-position":"center center","background-size":"auto","background-attachment":"scroll","background-type":"","background-media":"","overlay-type":"","overlay-color":"","overlay-opacity":"","overlay-gradient":""}}},"product_brand":[575],"product_cat":[659,578,80],"product_tag":[661,576],"class_list":{"0":"post-34006","1":"product","2":"type-product","3":"status-publish","4":"has-post-thumbnail","6":"product_brand-rolex","7":"product_cat-oyster-perpetual","8":"product_cat-rolex","9":"product_cat-watchs","10":"product_tag-oyster-perpetual","11":"product_tag-rolex","12":"desktop-align-left","13":"tablet-align-left","14":"mobile-align-left","16":"first","17":"instock","18":"sale","19":"purchasable","20":"product-type-simple"},"tiered_pricing_type":"fixed","tiered_pricing_fixed_rules":[],"tiered_pricing_product_settings":{"layout":"default","base_unit_name":{"singular":null,"plural":null},"default_variation":null},"tiered_pricing_minimum_quantity":null,"tiered_pricing_roles_data":[],"tiered_pricing_percentage_rules":[],"tiered_pricing_maximum_quantity":null,"tiered_pricing_quantity_step":null,"_links":{"self":[{"href":"https:\/\/prestige-aura.com\/de_de\/wp-json\/wp\/v2\/product\/34006","targetHints":{"allow":["GET"]}}],"collection":[{"href":"https:\/\/prestige-aura.com\/de_de\/wp-json\/wp\/v2\/product"}],"about":[{"href":"https:\/\/prestige-aura.com\/de_de\/wp-json\/wp\/v2\/types\/product"}],"replies":[{"embeddable":true,"href":"https:\/\/prestige-aura.com\/de_de\/wp-json\/wp\/v2\/comments?post=34006"}],"wp:featuredmedia":[{"embeddable":true,"href":"https:\/\/prestige-aura.com\/de_de\/wp-json\/wp\/v2\/media\/34007"}],"wp:attachment":[{"href":"https:\/\/prestige-aura.com\/de_de\/wp-json\/wp\/v2\/media?parent=34006"}],"wp:term":[{"taxonomy":"product_brand","embeddable":true,"href":"https:\/\/prestige-aura.com\/de_de\/wp-json\/wp\/v2\/product_brand?post=34006"},{"taxonomy":"product_cat","embeddable":true,"href":"https:\/\/prestige-aura.com\/de_de\/wp-json\/wp\/v2\/product_cat?post=34006"},{"taxonomy":"product_tag","embeddable":true,"href":"https:\/\/prestige-aura.com\/de_de\/wp-json\/wp\/v2\/product_tag?post=34006"}],"curies":[{"name":"wp","href":"https:\/\/api.w.org\/{rel}","templated":true}]}}